{"id":884,"date":"2025-08-10T05:35:29","date_gmt":"2025-08-10T10:35:29","guid":{"rendered":"https:\/\/www.perfectpower.pro\/fr\/?page_id=884"},"modified":"2026-01-16T11:23:03","modified_gmt":"2026-01-16T16:23:03","slug":"switchmap","status":"publish","type":"page","link":"https:\/\/www.perfectpower.pro\/fr\/switchmap\/","title":{"rendered":"Switch Map"},"content":{"rendered":"\n<p>Il sera bient\u00f4t possible gr\u00e2ce \u00e0 un petit boitier Bluetooth (2\u00d72\u00d74cm) branch\u00e9 sur le port obd et une application smartphone (Android pour le moment) de piloter plusieurs cartographies moteur et de visualiser certaines informations importantes provenant du calculateur moteur. Voici un exemple pour une bi-carto SP\/E85. Cela sera disponible dans un premier temps pour les M3 E36 3.2L, Z3M et M3 E46.<\/p>\n\n\n\n<div style=\"height:25px\" aria-hidden=\"true\" class=\"wp-block-spacer\"><\/div>\n\n\n<div class=\"wp-block-image\">\n<figure class=\"aligncenter size-large\"><img loading=\"lazy\" decoding=\"async\" width=\"473\" height=\"1024\" src=\"https:\/\/www.perfectpower.pro\/fr\/wp-content\/uploads\/SwitchMapM3-Vincent_FR-473x1024.jpg\" alt=\"\" class=\"wp-image-881\" srcset=\"https:\/\/www.perfectpower.pro\/fr\/wp-content\/uploads\/SwitchMapM3-Vincent_FR-473x1024.jpg 473w, https:\/\/www.perfectpower.pro\/fr\/wp-content\/uploads\/SwitchMapM3-Vincent_FR-231x500.jpg 231w, https:\/\/www.perfectpower.pro\/fr\/wp-content\/uploads\/SwitchMapM3-Vincent_FR-709x1536.jpg 709w, https:\/\/www.perfectpower.pro\/fr\/wp-content\/uploads\/SwitchMapM3-Vincent_FR.jpg 738w\" sizes=\"auto, (max-width: 473px) 100vw, 473px\" \/><\/figure>\n<\/div>\n\n\n<div style=\"height:50px\" aria-hidden=\"true\" class=\"wp-block-spacer\"><\/div>\n\n\n\n<p class=\"has-text-align-center\"><strong>Vid\u00e9os de pr\u00e9sentation<\/strong><\/p>\n\n\n\n<div style=\"height:25px\" aria-hidden=\"true\" class=\"wp-block-spacer\"><\/div>\n\n\n\n<div class=\"wp-block-columns is-layout-flex wp-container-core-columns-is-layout-9d6595d7 wp-block-columns-is-layout-flex\">\n<div class=\"wp-block-column is-layout-flow wp-block-column-is-layout-flow\">\n<p class=\"has-text-align-center\"><strong>M3 E36 3.2<\/strong><\/p>\n\n\n\n<figure class=\"wp-block-embed aligncenter is-type-video is-provider-youtube wp-block-embed-youtube wp-embed-aspect-16-9 wp-has-aspect-ratio\"><div class=\"wp-block-embed__wrapper\">\n<div class='embed-container'><iframe loading=\"lazy\" title=\"Bluetooth switch map M3 E36 (MSS50)\" width=\"1920\" height=\"1080\" src=\"https:\/\/www.youtube.com\/embed\/lqBvP4Q-kIw?feature=oembed\" frameborder=\"0\" allow=\"accelerometer; autoplay; clipboard-write; encrypted-media; gyroscope; picture-in-picture; web-share\" referrerpolicy=\"strict-origin-when-cross-origin\" allowfullscreen><\/iframe><\/div>\n<\/div><\/figure>\n<\/div>\n\n\n\n<div class=\"wp-block-column is-layout-flow wp-block-column-is-layout-flow\">\n<p class=\"has-text-align-center\"><strong>M3 E46<\/strong><\/p>\n\n\n\n<figure class=\"wp-block-embed aligncenter is-type-video is-provider-youtube wp-block-embed-youtube wp-embed-aspect-16-9 wp-has-aspect-ratio\"><div class=\"wp-block-embed__wrapper\">\n<div class='embed-container'><iframe loading=\"lazy\" title=\"Bluetooth switch map M3 E46 (MSS54)\" width=\"1920\" height=\"1080\" src=\"https:\/\/www.youtube.com\/embed\/PfHB-XcS2VY?feature=oembed\" frameborder=\"0\" allow=\"accelerometer; autoplay; clipboard-write; encrypted-media; gyroscope; picture-in-picture; web-share\" referrerpolicy=\"strict-origin-when-cross-origin\" allowfullscreen><\/iframe><\/div>\n<\/div><\/figure>\n<\/div>\n<\/div>\n\n\n\n<div style=\"height:25px\" aria-hidden=\"true\" class=\"wp-block-spacer\"><\/div>\n\n\n\n<p>Le boitier Bluetooth et l&#8217;application ont tous deux \u00e9t\u00e9 int\u00e9gralement d\u00e9velopp\u00e9s par Vincent du <a href=\"https:\/\/www.perfectpower.pro\/fr\/tout-sur-perfectpower\/#C4\" target=\"_blank\" rel=\"noreferrer noopener\">Labo PerfectPower<\/a>. N&#8217;h\u00e9sitez pas \u00e0 le contacter pour toute information \u00e0 ce mail:<\/p>\n\n\n\n<div style=\"height:25px\" aria-hidden=\"true\" class=\"wp-block-spacer\"><\/div>\n\n\n\n<p class=\"has-text-align-center\"><em>racingmotorsport@hotmail.fr<\/em><\/p>\n\n\n\n<div style=\"height:25px\" aria-hidden=\"true\" class=\"wp-block-spacer\"><\/div>\n\n\n\n<p><strong>Note:<\/strong> Nous sommes capables au Labo PerfectPower de mener \u00e0 bien n&#8217;importe quel projet technologique sur ce type de voitures, mais nous avons besoin de savoir ce qui plait vraiment au public en cette ann\u00e9e 2025 (et nous pouvons aussi avoir besoin de financement pour des projets vraiment complexes), aussi n&#8217;h\u00e9sitez pas \u00e0 nous faire part de suggestions dont vous pensez qu&#8217;elles peuvent int\u00e9resser suffisamment de monde, merci!<\/p>\n\n\n\n<p>Par exemple, sachez que nous \u00e9tions pr\u00eats \u00e0 d\u00e9velopper un projet de BMW M3 E46 VTEC d\u00e9livrant d&#8217;origine 440 ch avec son moteur 3.2 d&#8217;origine, mais nous savons que ce projet \u00e0 l&#8217;\u00e9poque actuelle n&#8217;aurait h\u00e9las pas \u00e9t\u00e9 viable (par contre il aurait fait fureur dans les ann\u00e9es 90&#8230;) aussi nous ne l&#8217;avons pas mis en oeuvre, mais nous sommes vraiment pr\u00eats \u00e0 r\u00e9aliser tous types de projets si nous sommes convaincus que le public suivra, aussi n&#8217;h\u00e9sitez pas \u00e0 nous faire des suggestions \u00e0 ce sujet, merci!<\/p>\n\n\n\n<div style=\"height:25px\" aria-hidden=\"true\" class=\"wp-block-spacer\"><\/div>\n\n\n\n<p><\/p>\n","protected":false},"excerpt":{"rendered":"<p>Il sera bient\u00f4t possible gr\u00e2ce \u00e0 un petit boitier Bluetooth (2\u00d72\u00d74cm) branch\u00e9 sur le port obd et une application smartphone (Android pour le moment) de piloter plusieurs cartographies moteur et de visualiser certaines informations importantes provenant du calculateur moteur. Voici un exemple pour une bi-carto SP\/E85. Cela sera disponible dans un premier temps pour les&hellip; <br \/> <a class=\"read-more\" href=\"https:\/\/www.perfectpower.pro\/fr\/switchmap\/\">Read more<\/a><\/p>\n","protected":false},"author":1,"featured_media":0,"parent":0,"menu_order":0,"comment_status":"closed","ping_status":"closed","template":"","meta":{"footnotes":""},"class_list":["post-884","page","type-page","status-publish","hentry"],"_links":{"self":[{"href":"https:\/\/www.perfectpower.pro\/fr\/wp-json\/wp\/v2\/pages\/884","targetHints":{"allow":["GET"]}}],"collection":[{"href":"https:\/\/www.perfectpower.pro\/fr\/wp-json\/wp\/v2\/pages"}],"about":[{"href":"https:\/\/www.perfectpower.pro\/fr\/wp-json\/wp\/v2\/types\/page"}],"author":[{"embeddable":true,"href":"https:\/\/www.perfectpower.pro\/fr\/wp-json\/wp\/v2\/users\/1"}],"replies":[{"embeddable":true,"href":"https:\/\/www.perfectpower.pro\/fr\/wp-json\/wp\/v2\/comments?post=884"}],"version-history":[{"count":11,"href":"https:\/\/www.perfectpower.pro\/fr\/wp-json\/wp\/v2\/pages\/884\/revisions"}],"predecessor-version":[{"id":1977,"href":"https:\/\/www.perfectpower.pro\/fr\/wp-json\/wp\/v2\/pages\/884\/revisions\/1977"}],"wp:attachment":[{"href":"https:\/\/www.perfectpower.pro\/fr\/wp-json\/wp\/v2\/media?parent=884"}],"curies":[{"name":"wp","href":"https:\/\/api.w.org\/{rel}","templated":true}]}}