{"id":6,"date":"2025-05-25T15:19:06","date_gmt":"2025-05-25T15:19:06","guid":{"rendered":"https:\/\/www.perfectpower.pro\/fr\/mesmerize\/"},"modified":"2026-01-25T17:32:40","modified_gmt":"2026-01-25T22:32:40","slug":"mesmerize","status":"publish","type":"page","link":"https:\/\/www.perfectpower.pro\/fr\/","title":{"rendered":"Home"},"content":{"rendered":"<div  data-label=\"Ce que PerfectPower est\" data-id=\"features--2\" data-export-id=\"features-12-card-bordered\" data-category=\"features\" class=\"features-12-card-bordered content-section content-section-spacing \" id=\"ce-que-perfectpower-est\" style=\"background-color: rgb(255, 255, 255);\" data-bullets-visibility=\"true\"><div  class=\"gridContainer\"> <div  class=\"row text-center\"><div  class=\"section-title-col\" data-type=\"column\"> <h2  class=\"\">Ce que PerfectPower est<\/h2> <p  class=\"lead\">PerfectPower est, sous la forme d\u2019une application smartphone r\u00e9volutionnaire, le syst\u00e8me embarqu\u00e9 de r\u00e9f\u00e9rence en mesures de puissance et de performances en automobile! C\u2019est celui pr\u00e9sentant le meilleur rapport prix \/ fiabilit\u00e9 de r\u00e9sultats \/ vari\u00e9t\u00e9 de fonctionnalit\u00e9s \/ ind\u00e9pendance de fonctionnement, comme vous le d\u00e9couvrirez ci-dessous\u2026<\/p><\/div> <\/div> <div  class=\"row spaced-cols\" data-type=\"row\"> <div  class=\"col-sm-6\"> <div  class=\"card row-card bordered y-move\"> <div  class=\"row\"> <div  class=\"col-sm-fit icon-column\"> <i  class=\"fa icon fa-connectdevelop round bordered color2\"><\/i> <\/div> <div  class=\"col-sm\" data-type=\"column\"> <h5  class=\"color2\">FIABILITE DE RESULTATS<\/h5> <p  class=\"\">Fiabilit\u00e9 de r\u00e9sultats exceptionnelle et in\u00e9dite en application smartphone, comparable \u00e0 celle de mat\u00e9riels professionnels, puisqu\u2019elle mesure l\u2019acc\u00e9l\u00e9ration, la vitesse et la distance avec une pr\u00e9cision de +- 0,5 %, et la puissance et le couple avec une pr\u00e9cision de +- 1 %! Pour information, un d\u00e9fi amical&nbsp;\u00e0 10 000&nbsp;\u20ac \/ $ a \u00e9t\u00e9 lanc\u00e9 sur ce sujet le 1er Mai 2024, qui attend toujours d\u2019etre relev\u00e9\u2026<\/p><\/div> <\/div><\/div> <\/div> <div  class=\"col-sm-6\"> <div  class=\"card row-card bordered y-move\"> <div  class=\"row\"> <div  class=\"col-sm-fit icon-column\"> <i  class=\"fa icon fa-codepen round bordered color2\"><\/i> <\/div> <div  class=\"col-sm\" data-type=\"column\"> <h5  class=\"color2\">VARIETE DE FONCTIONNALITES<\/h5> <p  class=\"\">Vari\u00e9t\u00e9 de fonctionnalit\u00e9s in\u00e9dite non seulement en application smartphone mais aussi tous mat\u00e9riels confondus, puisqu\u2019elle permet de mesurer la puissance moteur norm\u00e9e, mesurer et simuler les performances (acc\u00e9l\u00e9rations, reprises, vitesse maxi), calculer les rapports de bo\u00eete par \u00e9talonnage r\u00e9gime, mesurer les pertes en roue libre, et enfin mesurer les temps au tour sur circuit\u2026 soit 9 fonctionnalit\u00e9s au total!<\/p><\/div> <\/div><\/div> <\/div> <div  class=\"col-sm-6\"> <div  class=\"card row-card bordered y-move\"> <div  class=\"row\"> <div  class=\"col-sm-fit icon-column\"> <i  class=\"fa icon fa-cube round bordered color2\"><\/i> <\/div> <div  class=\"col-sm\" data-type=\"column\"> <h5  class=\"color2\">INDEPENDANCE DE FONCTIONNEMENT<\/h5> <p  class=\"\">Ind\u00e9pendance totale de fonctionnement, puisqu\u2019elle ne n\u00e9cessite aucune connexion \u00e0 un mat\u00e9riel externe (GPS, ECU de la voiture, etc), ce qui lui permet de fonctionner sur 100% des voitures produites sur la plan\u00e8te, et avec votre seul smartphone comme instrument de mesure! Ce qui ne l\u2019emp\u00eache pas d\u2019accepter une communication avec certains GPS externes afin d\u2019optimiser encore sa pr\u00e9cision de r\u00e9sultats!<\/p><\/div> <\/div><\/div> <\/div> <div  class=\"col-sm-6\"> <div  class=\"card row-card bordered y-move\"> <div  class=\"row\"> <div  class=\"col-sm-fit icon-column\"> <i  class=\"fa icon fa-database round bordered color2\"><\/i> <\/div> <div  class=\"col-sm\" data-type=\"column\"> <h5  class=\"color2\">PRIX<\/h5> <p  class=\"\">Elle ne co\u00fbte que\u2026 33 \u20ac \/ $, quand:<br >\u2013 un banc \u00e0 rouleaux (outil professionnel de mesure de la puissance) co\u00fbte entre 30&nbsp;000 et 120&nbsp;000 \u20ac \/ $!<br >\u2013 un simple passage sur un tel mat\u00e9riel est factur\u00e9 50&nbsp;\u00e0 120&nbsp;\u20ac \/ $ (sans garantie d\u2019une fiabilit\u00e9 maximale!)<br >\u2013 un syst\u00e8me de lecture optique (outil professionnel de mesure des performances) co\u00fbte environ 15&nbsp;000 \u20ac \/ $!<\/p><\/div> <\/div><\/div> <\/div><\/div> <\/div><\/div><div  data-label=\"Ce que PerfectPower fait\" data-id=\"features--3\" data-export-id=\"features-13-card-bordered\" data-category=\"features\" class=\"features-13 content-section content-section-spacing\" id=\"ce-que-perfectpower-fait\" style=\"background-color: rgb(245, 250, 253);\" data-bullets-visibility=\"true\"><div  class=\"gridContainer\"> <div  class=\"row text-center\"><div  class=\"section-title-col\" data-type=\"column\"> <h2  class=\"\">Ce que PerfectPower fait<\/h2> <p  class=\"lead\">PerfectPower poss\u00e8de les 9 fonctionnalit\u00e9s suivantes:<\/p><\/div> <\/div> <div  class=\"row spaced-cols content-center-sm\" data-type=\"row\"> <div  class=\"col-sm-4\"> <div  class=\"card bordered y-move\" data-type=\"column\"> <i  class=\"fa icon fa-codepen big round reverse color1\"><\/i> <h4  class=\"\">PUISSANCE<\/h4> <p  class=\"\">Puissance moteur @ r\u00e9gime<br >Couple moteur @ r\u00e9gime<br >Puissance roues @ r\u00e9gime<br >Acc\u00e9l\u00e9ration maxi @ r\u00e9gime<br >Vitesse maxi @ r\u00e9gime maxi<br >Temps &amp; Distance de mesure<br >Courbes Puissance &amp; Couple \/ R\u00e9gime&nbsp;<\/p> <a  class=\"button small y-move color2\" href=\"#\" target=\"_self\" data-cp-link=\"1\">EXEMPLE<\/a><\/div> <\/div> <div  class=\"col-sm-4\"> <div  class=\"card bordered y-move\" data-type=\"column\"> <i  class=\"fa icon fa-codepen big round reverse color1\"><\/i> <h4  class=\"\">ACCELERATIONS<\/h4> <p  class=\"\">\n20 m &amp; 200 m &amp; 400 m &amp; 1000 m (M)<br >60 ft &amp; 1\/8 mile &amp; 1\/4 mile &amp; 3300 ft (I)<br >0 \u2013 20 \/ 40 \/ \u2026 \/ 200 km\/h (M)<br >0 \u2013 20 \/ 40 \/ \u2026 \/ 200 mph (I)<br >Acc\u00e9l\u00e9ration maxi @ vitesse<br >Vitesse maxi @ temps<br >Courbes Acc\u00e9l\u00e9ration &amp; Vitesse \/ Temps<\/p> <a  class=\"button small y-move color2\" href=\"#\" target=\"_self\" data-cp-link=\"1\">EXEMPLE<\/a><\/div> <\/div> <div  class=\"col-sm-4\"> <div  class=\"card bordered y-move\" data-type=\"column\"> <i  class=\"fa icon fa-codepen big round reverse color1\"><\/i> <h4  class=\"\">REPRISES<\/h4> <p  class=\"\">x \u2013 y km\/h sur rapport z (M)\n<br >x \u2013 y mph sur rapport z (I)\n<br >(x, y, z choisis par vous)\n<br ><br >==&gt;\n<br >\n<br >Temps<\/p> <a  class=\"button small y-move color2\" href=\"#\" target=\"_self\" data-cp-link=\"1\">EXEMPLE<\/a><\/div> <\/div><div  class=\"col-sm-4\"> <div  class=\"card bordered y-move\" data-type=\"column\"> <i  class=\"fa icon fa-codepen big round reverse color1\"><\/i> <h4  class=\"\">VITESSE<\/h4> <p  class=\"\">Vitesse moyenne sur 3 s<br >ou vitesse instantan\u00e9e<br ><br >==&gt;<br ><br >Vitesse maxi r\u00e9elle<br >Etalonnage du compteur de vitesse<\/p> <a  class=\"button small y-move color2\" href=\"#\" target=\"_self\" data-cp-link=\"1\">EXEMPLE<\/a><\/div> <\/div><div  class=\"col-sm-4\"> <div  class=\"card bordered y-move\" data-type=\"column\"> <i  class=\"fa icon fa-codepen big round reverse color1\"><\/i> <h4  class=\"\">FREINAGE<\/h4> <p  class=\"\">x \u2013 0 km\/h \/ mph<br >(x choisi par vous)<br ><br >==&gt;<br ><br >Distance &amp; Temps de freinage<br >D\u00e9c\u00e9l\u00e9ration &amp; Vitesse moyenne<\/p> <a  class=\"button small y-move color2\" href=\"#\" target=\"_self\" data-cp-link=\"1\">EXEMPLE<\/a><\/div> <\/div><div  class=\"col-sm-4\"> <div  class=\"card bordered y-move\" data-type=\"column\"> <i  class=\"fa icon fa-codepen big round reverse color1\"><\/i> <h4  class=\"\">ETALONNAGE REGIME<\/h4> <p  class=\"\">x rpm sur rapport y pendant 3 s<br >(x, y choisis par vous)<br >==&gt; Vitesse moyenne sur 3 s<br ><br >==&gt;<br ><br >Calcul des rapports de boite<\/p> <a  class=\"button small y-move color2\" href=\"#\" target=\"_self\" data-cp-link=\"1\">EXEMPLE<\/a><\/div> <\/div><div  class=\"col-sm-4\"> <div  class=\"card bordered y-move\" data-type=\"column\"> <i  class=\"fa icon fa-codepen big round reverse color1\"><\/i> <h4  class=\"\">MESURE DES PERTES<\/h4> <p  class=\"\">D\u00e9c\u00e9l\u00e9ration en roue libre<br >\u00e0 x km\/h \/ mph<br >(x choisi par vous)<br >(loi de pertes de type a + bV^2)<br >==&gt;<br >Pertes (force) @ vitesse<br >Pertes (puissance) @ vitesse<\/p> <a  class=\"button small y-move color2\" href=\"#\" target=\"_self\" data-cp-link=\"1\">EXEMPLE<\/a><\/div> <\/div><div  class=\"col-sm-4\"> <div  class=\"card bordered y-move\" data-type=\"column\"> <i  class=\"fa icon fa-codepen big round reverse color1\"><\/i> <h4  class=\"\">SIMULATION DE PERFORMANCES<\/h4> <p  class=\"\">1) Acc\u00e9l\u00e9rations<br >M\u00eames donn\u00e9es que pour les mesures<br >2) Reprises<br >M\u00eames donn\u00e9es que pour les mesures<br >3) Vitesse maxi<br >Vitesse maxi @ r\u00e9gime<br >4) R\u00e9gimes maxi id\u00e9aux<\/p> <a  class=\"button small y-move color2\" href=\"#\" target=\"_self\" data-cp-link=\"1\">EXEMPLE<\/a><\/div> <\/div><div  class=\"col-sm-4\"> <div  class=\"card bordered y-move\" data-type=\"column\"> <i  class=\"fa icon fa-codepen big round reverse color1\"><\/i> <h4  class=\"\">LAP TIMER<\/h4> <p  class=\"\">Temps au tour sur circuit<br >(30 tours ou 1 h maxi)<br >Temps instantan\u00e9 &amp; total<br >Vitesse instantan\u00e9e &amp; moyenne<br >Distance instantan\u00e9e &amp; totale<br >S\u00e9lection de circuit ou libre choix<br >(coordonn\u00e9es GPS \u00e0 saisir)<\/p> <a  class=\"button small y-move color2\" href=\"#\" target=\"_self\" data-cp-link=\"1\">EXEMPLE<\/a><\/div> <\/div><\/div> <\/div><\/div><div  id=\"le-createur-de-perfectpower\" style=\"background-color: #f5fafd;\" data-label=\"Le createur de PerfectPower\" data-id=\"content-7-mc\" data-export-id=\"content-7-mc\" data-category=\"content\" class=\"content-7-mc content-section content-section-spacing\" data-bullets-visibility=\"true\"><div  class=\"gridContainer\"> <div  class=\"row middle-sm\"><div  class=\"col-sm-6 space-bottom-xs\" data-type=\"column\"> <h2  class=\"\">Le cr\u00e9ateur de PerfectPower<\/h2> <p  class=\"\">PerfectPower a la particularit\u00e9 d\u2019avoir un seul et unique cr\u00e9ateur, un ing\u00e9nieur passionn\u00e9 et solitaire travaillant pour son propre compte depuis 2005, apr\u00e8s avoir travaill\u00e9 sur des voitures championnes de rallye ainsi que sur des calculateurs d\u2019avion!<\/p> <a  class=\"button color1\" href=\"https:\/\/www.perfectpower.pro\/fr\/tout-sur-perfectpower\/#C3\" target=\"_blank\" data-cp-link=\"1\">EN SAVOIR PLUS<\/a><\/div> <div  class=\"col-sm-6\" data-type=\"column\"> <img  decoding=\"async\" class=\"shadow-large\" src=\"https:\/\/www.perfectpower.pro\/fr\/wp-content\/uploads\/dark-bg1.jpg\" title=\"dark-bg1\" alt=\"\"><\/div> <\/div><\/div> <\/div><div  id=\"le-labo-perfectpower\" style=\"background-color: rgb(245, 250, 253); background-image: none;\" data-label=\"Le Labo PerfectPower\" data-id=\"content-8-mc\" data-export-id=\"content-8-mc\" data-category=\"content\" class=\"content-8-mc content-section content-section-spacing\" data-bullets-visibility=\"true\"><div  class=\"gridContainer\"> <div  class=\"row middle-sm\"><div  class=\"col-sm-6 space-bottom-xs space-top-xs\" data-type=\"column\"> <img  decoding=\"async\" class=\"shadow-large\" src=\"https:\/\/www.perfectpower.pro\/fr\/wp-content\/uploads\/ESB.jpeg\" title=\"ESB\" alt=\"\"><\/div> <div  class=\"col-sm-6\" data-type=\"column\"><h2  class=\"\">Le Labo PerfectPower<\/h2> <p  class=\"\">Le Labo PerfectPower est un espace de travail virtuel compos\u00e9 de VRAIS passionn\u00e9s de voitures de sport, de mesures de puissance et de performances, et de d\u00e9veloppement moteur, et poss\u00e9dant \u00e9galement des comp\u00e9tences exceptionnelles dans au moins un de ces domaines\u2026<\/p> <a  class=\"button color1\" href=\"https:\/\/www.perfectpower.pro\/fr\/tout-sur-perfectpower\/#C4\" target=\"_blank\" data-cp-link=\"1\">EN SAVOIR PLUS<\/a><\/div> <\/div><\/div> <\/div><div  id=\"bilans-de-resultats\" data-label=\"Bilans de resultats\" data-id=\"portfolio-5-mc\" data-export-id=\"portfolio-5-mc\" data-bullets-visibility=\"true\" data-category=\"portfolio\" class=\"portfolio-5-mc content-section content-section-spacing section-title-col-white-text bg-color1\"><div  class=\"gridContainer\"> <div  class=\"row text-center\"><div  class=\"section-title-col\" data-type=\"column\"> <h5  class=\"\">LES PERFORMANCES EXCEPTIONNELLES DE PERFECTPOWER<\/h5> <h2  class=\"\">Bilans de r\u00e9sultats<\/h2> <p  class=\"lead\">3 cat\u00e9gories:<\/p><\/div> <\/div> <div  class=\"row space-bottom spaced-cols\" data-type=\"row\"> <div  class=\"col-xs-12 col-sm-4 text-center\"> <div  class=\"card no-padding bordered\"> <div  data-hover-fx=\"portfolio-6\" class=\"contentswap-effect contentswap-overlay\" style=\"float: none; margin: 0; width: 100%;\"> <div  class=\"initial-image\" style=\"float: none; margin: 0;\"> <img  decoding=\"async\" data-size=\"500x333\" src=\"https:\/\/www.perfectpower.pro\/fr\/wp-content\/uploads\/M3-E46-Arthur-PeseeP-1_07072025.jpg\"><\/div> <div  class=\"overlay bg-color6\" style=\"display: block; transition: opacity 800ms ease 0s; -webkit-transition-timing-function: ease; -moz-transition-timing-function: ease; -o-transition-timing-function: ease; transition-timing-function: ease;\"><\/div> <div  class=\"swap-inner col-xs-12\" style=\"display: block; transition: all 800ms ease 0s; background-color: rgba(0,0,0,0); margin-top: 0;\"> <div  class=\"row full-height-row middle-xs middle-sm\"> <div  class=\"col-xs-12 text-center content-holder\"> <a  class=\"button small color2\" href=\"https:\/\/www.perfectpower.pro\/fr\/labo-perfectpower\" target=\"_blank\" data-cp-link=\"1\">Voir la rubrique<\/a><\/div> <\/div><\/div> <\/div> <div  class=\"col-xs-12\"> <div  class=\"space-bottom space-top\" data-type=\"column\"> <h5  class=\"\">Labo PerfectPower<\/h5> <p  class=\"small italic\">Les r\u00e9sultats les plus int\u00e9ressants du Labo PerfectPower!<\/p><\/div> <\/div><\/div> <\/div> <div  class=\"col-xs-12 col-sm-4 text-center\"> <div  class=\"card no-padding bordered\"> <div  data-hover-fx=\"portfolio-6\" class=\"contentswap-effect contentswap-overlay\" style=\"float: none; margin: 0; width: 100%;\"> <div  class=\"initial-image\" style=\"float: none; margin: 0;\"> <img  decoding=\"async\" data-size=\"500x333\" src=\"https:\/\/www.perfectpower.pro\/fr\/wp-content\/uploads\/E55-AMG-W210-Christophe-PeseeMP-1_10052025.jpg\"><\/div> <div  class=\"overlay bg-color6\" style=\"display: block; transition: opacity 800ms ease 0s; -webkit-transition-timing-function: ease; -moz-transition-timing-function: ease; -o-transition-timing-function: ease; transition-timing-function: ease;\"><\/div> <div  class=\"swap-inner col-xs-12\" style=\"display: block; transition: all 800ms ease 0s; background-color: rgba(0,0,0,0); margin-top: 0;\"> <div  class=\"row full-height-row middle-xs middle-sm\"> <div  class=\"col-xs-12 text-center content-holder\"> <a  class=\"button small color2\" href=\"https:\/\/www.perfectpower.pro\/fr\/utilisateurs-perfectpower\" target=\"_blank\" data-cp-link=\"1\">Voir la rubrique<\/a><\/div> <\/div><\/div> <\/div> <div  class=\"col-xs-12\"> <div  class=\"space-bottom space-top\" data-type=\"column\"> <h5  class=\"\">Utilisateurs PerfectPower<\/h5> <p  class=\"small italic\">Les r\u00e9sultats les plus int\u00e9ressants des utilisateurs de PerfectPower!<\/p><\/div> <\/div><\/div> <\/div> <div  class=\"col-xs-12 col-sm-4 text-center\"> <div  class=\"card no-padding bordered\"> <div  data-hover-fx=\"portfolio-6\" class=\"contentswap-effect contentswap-overlay\" style=\"float: none; margin: 0; width: 100%;\"> <div  class=\"initial-image\" style=\"float: none; margin: 0;\"> <img  decoding=\"async\" data-size=\"500x333\" src=\"https:\/\/www.perfectpower.pro\/fr\/wp-content\/uploads\/C63-AMG-W204-Yoann-Photo-1_18072025.jpg\"><\/div> <div  class=\"overlay bg-color6\" style=\"display: block; transition: opacity 800ms ease 0s; -webkit-transition-timing-function: ease; -moz-transition-timing-function: ease; -o-transition-timing-function: ease; transition-timing-function: ease;\"><\/div> <div  class=\"swap-inner col-xs-12\" style=\"display: block; transition: all 800ms ease 0s; background-color: rgba(0,0,0,0); margin-top: 0;\"> <div  class=\"row full-height-row middle-xs middle-sm\"> <div  class=\"col-xs-12 text-center content-holder\"> <a  class=\"button small color2\" href=\"https:\/\/www.perfectpower.pro\/fr\/perfectpower-vs-bancs\" target=\"_blank\" data-cp-link=\"1\">Voir la rubrique<\/a><\/div> <\/div><\/div> <\/div> <div  class=\"col-xs-12\"> <div  class=\"space-bottom space-top\" data-type=\"column\"> <h5  class=\"\">PerfectPower Vs Bancs<\/h5> <p  class=\"small italic\">Les comparatifs PerfectPower \/ Banc les plus spectaculaires!<\/p><\/div> <\/div><\/div> <\/div><\/div> <div  class=\"row\"><div  data-type=\"column\" class=\"col-xs-12 text-center\"> <a  class=\"button color2 y-move\" href=\"https:\/\/www.perfectpower.pro\/fr\/resultats\" target=\"_blank\" data-cp-link=\"1\">Voir les r\u00e9sultats<\/a><\/div> <\/div><\/div> <\/div><div  id=\"temoignages\" style=\"background-color: #ffffff;\" data-label=\"Temoignages\" data-id=\"testimonials-5-mc\" data-export-id=\"testimonials-5-mc\" data-category=\"testimonials\" class=\"testimonials-5-mc content-section content-section-spacing\" data-bullets-visibility=\"true\"><div  class=\"gridContainer\"> <div  class=\"row\"><div  data-type=\"column\" class=\"section-title-col\"> <h5  class=\"\">LA SATISFACTION EXCEPTIONNELLE DES UTILISATEURS DE PERFECTPOWER<\/h5> <h2  class=\"\">T\u00e9moignages d\u2019utilisateurs<\/h2> <p  class=\"lead\">Voici ce que disent les utilisateurs:<\/p><\/div> <\/div> <div  class=\"row spaced-cols content-center-sm\" data-type=\"row\"> <div  class=\"col-sm-4\"> <div  class=\"card y-move bordered\" data-type=\"column\"> <i  class=\"fa fa-quote-right icon color1 small quotation-icon\"><\/i> <p  class=\"text-center\">Je connais cette appli depuis 2016, elle est vraiment g\u00e9niale, sans aucun doute la meilleure appli de mesure de puissance du Play Store ! Elle vaut vraiment le coup, je la recommande vivement \u00e0 tous les passionn\u00e9s !<\/p> <img  decoding=\"async\" src=\"https:\/\/www.perfectpower.pro\/fr\/wp-content\/uploads\/PP-Square-Logo_512x512.png\" class=\"round icon\" title=\"PP-Square-Logo_512x512\" alt=\"\"> <h6  class=\"\">Guilherme Junior<\/h6> <p  class=\"small italic\">Br\u00e9sil \u2013 4 Janvier 2025<\/p><\/div> <\/div> <div  class=\"col-sm-4\"> <div  class=\"card y-move bordered\" data-type=\"column\"> <i  class=\"fa fa-quote-right icon color1 small quotation-icon\"><\/i> <p  class=\"text-center\">Excellente application, la meilleure sur Google Play. C\u2019est la seule qui fonctionne vraiment. R\u00e9sultats tr\u00e8s pr\u00e9cis. F\u00e9licitations aux d\u00e9veloppeurs. Je suis tr\u00e8s satisfait, 10\/10 !\n<br >\n<\/p> <img  decoding=\"async\" src=\"https:\/\/www.perfectpower.pro\/fr\/wp-content\/uploads\/PP-Square-Logo_512x512.png\" class=\"round icon\" title=\"PP-Square-Logo_512x512\" alt=\"\"> <h6  class=\"\">Utilisateur Andro\u00efd<\/h6> <p  class=\"small italic\">Br\u00e9sil \u2013 23 Juin 2019<\/p><\/div> <\/div> <div  class=\"col-sm-4\"> <div  class=\"card y-move bordered\" data-type=\"column\"> <i  class=\"fa fa-quote-right icon color1 small quotation-icon\"><\/i> <p  class=\"text-center\">Excellente d\u00e9couverte ! Incroyable niveau pr\u00e9cision et tr\u00e8s d\u00e9taill\u00e9e ! Belles courbes exploitables . Les couples et puissances annonc\u00e9s sur fiche technique sont hyper proches des r\u00e9sultats trouv\u00e9s . Bravo !<\/p> <img  decoding=\"async\" src=\"https:\/\/www.perfectpower.pro\/fr\/wp-content\/uploads\/PP-Square-Logo_512x512.png\" class=\"round icon\" title=\"PP-Square-Logo_512x512\" alt=\"\"> <h6  class=\"\">Seb<\/h6> <p  class=\"small italic\">France \u2013 8 D\u00e9cembre 2018<\/p><\/div> <\/div><\/div> <\/div><\/div><div  id=\"cta-1\" style=\"background-color: #f5fafd;\" data-label=\"Cta\" data-id=\"cta-blue-section-mc\" data-export-id=\"cta-blue-section-mc\" data-category=\"cta\" class=\"cta-blue-section-mc content-section content-section-spacing le_cocktail white-text\"><div  class=\"gridContainer\"> <div  class=\"row middle-xs\"><div  class=\"col-sm-8 space-bottom-xs\" data-type=\"column\"> <h2  class=\"\">Rentrez dans le monde PerfectPower!<\/h2> <p  class=\"lead\"><span  style=\"font-size: 19.2px;\">Un monde qui vous r\u00e9jouira si vous \u00eates passionn\u00e9 de voitures de sport, de mesures de puissance et de performances, et de d\u00e9veloppement moteur, et qui vous convaincra que cette application est bien celle dont vous avez toujours r\u00eav\u00e9\u2026<\/span><\/p><\/div> <div  class=\"col-sm-4 end-sm\" data-type=\"column\"> <a  class=\"button color2\" href=\"https:\/\/www.perfectpower.pro\/fr\/acheter-perfectpower\" target=\"_blank\" data-cp-link=\"1\">COMMENCEZ DES AUJOURD\u2019HUI<\/a><\/div> <\/div><\/div> <\/div>","protected":false},"excerpt":{"rendered":"<p>Ce que PerfectPower est PerfectPower est, sous la forme d\u2019une application smartphone r\u00e9volutionnaire, le syst\u00e8me embarqu\u00e9 de r\u00e9f\u00e9rence en mesures de puissance et de performances en automobile! C\u2019est celui pr\u00e9sentant le meilleur rapport prix \/ fiabilit\u00e9 de r\u00e9sultats \/ vari\u00e9t\u00e9 de fonctionnalit\u00e9s \/ ind\u00e9pendance de fonctionnement, comme vous le d\u00e9couvrirez ci-dessous\u2026 FIABILITE DE RESULTATS Fiabilit\u00e9&hellip; <br \/> <a class=\"read-more\" href=\"https:\/\/www.perfectpower.pro\/fr\/\">Read more<\/a><\/p>\n","protected":false},"author":1,"featured_media":0,"parent":0,"menu_order":0,"comment_status":"closed","ping_status":"closed","template":"page-templates\/homepage.php","meta":{"footnotes":""},"class_list":["post-6","page","type-page","status-publish","hentry"],"_links":{"self":[{"href":"https:\/\/www.perfectpower.pro\/fr\/wp-json\/wp\/v2\/pages\/6","targetHints":{"allow":["GET"]}}],"collection":[{"href":"https:\/\/www.perfectpower.pro\/fr\/wp-json\/wp\/v2\/pages"}],"about":[{"href":"https:\/\/www.perfectpower.pro\/fr\/wp-json\/wp\/v2\/types\/page"}],"author":[{"embeddable":true,"href":"https:\/\/www.perfectpower.pro\/fr\/wp-json\/wp\/v2\/users\/1"}],"replies":[{"embeddable":true,"href":"https:\/\/www.perfectpower.pro\/fr\/wp-json\/wp\/v2\/comments?post=6"}],"version-history":[{"count":92,"href":"https:\/\/www.perfectpower.pro\/fr\/wp-json\/wp\/v2\/pages\/6\/revisions"}],"predecessor-version":[{"id":2276,"href":"https:\/\/www.perfectpower.pro\/fr\/wp-json\/wp\/v2\/pages\/6\/revisions\/2276"}],"wp:attachment":[{"href":"https:\/\/www.perfectpower.pro\/fr\/wp-json\/wp\/v2\/media?parent=6"}],"curies":[{"name":"wp","href":"https:\/\/api.w.org\/{rel}","templated":true}]}}