{"id":54,"date":"2025-05-25T11:21:42","date_gmt":"2025-05-25T16:21:42","guid":{"rendered":"https:\/\/www.perfectpower.pro\/fr\/?page_id=54"},"modified":"2026-05-05T08:22:29","modified_gmt":"2026-05-05T13:22:29","slug":"avis","status":"publish","type":"page","link":"https:\/\/www.perfectpower.pro\/fr\/avis\/","title":{"rendered":"Avis"},"content":{"rendered":"\n<div class=\"wp-block-columns is-layout-flex wp-container-core-columns-is-layout-9d6595d7 wp-block-columns-is-layout-flex\">\n<div class=\"wp-block-column is-layout-flow wp-block-column-is-layout-flow\">\n<h2 class=\"wp-block-heading has-text-align-center\">PerfectPower Andro\u00efd<\/h2>\n\n\n\n<div style=\"height:25px\" aria-hidden=\"true\" class=\"wp-block-spacer\"><\/div>\n\n\n<div class=\"wp-block-image\">\n<figure class=\"aligncenter size-full\"><a href=\"https:\/\/play.google.com\/store\/apps\/details?id=ch.perfectpower.PerfectPower&amp;gl=fr&amp;hl=fr\" target=\"_blank\" rel=\" noreferrer noopener\"><img loading=\"lazy\" decoding=\"async\" width=\"200\" height=\"59\" src=\"https:\/\/www.perfectpower.pro\/fr\/wp-content\/uploads\/Google-Play-Badge-FR_200x59.png\" alt=\"\" class=\"wp-image-335\"\/><\/a><\/figure>\n<\/div>\n\n\n<p class=\"has-text-align-center\">Google Play Fran\u00e7ais<\/p>\n\n\n\n<div style=\"height:25px\" aria-hidden=\"true\" class=\"wp-block-spacer\"><\/div>\n\n\n<div class=\"wp-block-image\">\n<figure class=\"aligncenter size-full\"><a href=\"https:\/\/play.google.com\/store\/apps\/details?id=ch.perfectpower.PerfectPower&amp;gl=us&amp;hl=en\" target=\"_blank\" rel=\" noreferrer noopener\"><img loading=\"lazy\" decoding=\"async\" width=\"200\" height=\"59\" src=\"https:\/\/www.perfectpower.pro\/fr\/wp-content\/uploads\/Google-Play-Badge-EN_200x59.png\" alt=\"\" class=\"wp-image-2111\"\/><\/a><\/figure>\n<\/div>\n\n\n<p class=\"has-text-align-center\">Google Play US<\/p>\n\n\n\n<div style=\"height:25px\" aria-hidden=\"true\" class=\"wp-block-spacer\"><\/div>\n\n\n\n<p class=\"has-text-align-center\"><strong>Note moyenne au 1 Mai 2026:<\/strong><\/p>\n\n\n\n<p class=\"has-text-align-center\"><strong>4,7 \/ 5 (128 notes)<\/strong><\/p>\n\n\n\n<p class=\"has-text-align-center\"><strong>(Google ne retient que les plus r\u00e9centes)<\/strong><\/p>\n\n\n\n<div style=\"height:25px\" aria-hidden=\"true\" class=\"wp-block-spacer\"><\/div>\n\n\n\n<p class=\"has-text-align-center\"><strong>10 avis s\u00e9lectionn\u00e9s<\/strong><\/p>\n\n\n\n<div style=\"height:25px\" aria-hidden=\"true\" class=\"wp-block-spacer\"><\/div>\n\n\n\n<p class=\"has-text-align-center\"><em>Guilherme Junior &#8211; 4 Janvier 2025 &#8211; Br\u00e9sil (avis traduit du Portugais)<\/em><\/p>\n\n\n\n<blockquote class=\"wp-block-quote has-text-align-center is-layout-flow wp-block-quote-is-layout-flow\">\n<p>Je connais cette appli depuis 2016, elle est vraiment g\u00e9niale, sans aucun doute la meilleure appli de mesure de puissance du Play Store&nbsp;! Elle vaut vraiment le coup, je la recommande vivement \u00e0 tous les passionn\u00e9s&nbsp;!<\/p>\n<\/blockquote>\n\n\n\n<div style=\"height:25px\" aria-hidden=\"true\" class=\"wp-block-spacer\"><\/div>\n\n\n\n<p class=\"has-text-align-center\"><em>Utilisateur Andro\u00efd &#8211; 23 Juin 2019 &#8211; Br\u00e9sil (avis traduit du Portugais)<\/em><\/p>\n\n\n\n<blockquote class=\"wp-block-quote has-text-align-center is-layout-flow wp-block-quote-is-layout-flow\">\n<p>Excellente application, la meilleure sur Google Play. C&#8217;est la seule qui fonctionne vraiment. R\u00e9sultats tr\u00e8s pr\u00e9cis. F\u00e9licitations aux d\u00e9veloppeurs. Je suis tr\u00e8s satisfait, 10\/10&nbsp;!<\/p>\n<\/blockquote>\n\n\n\n<div style=\"height:25px\" aria-hidden=\"true\" class=\"wp-block-spacer\"><\/div>\n\n\n\n<p class=\"has-text-align-center\"><em>Seb &#8211; 8 D\u00e9cembre 2018 &#8211; France<\/em><\/p>\n\n\n\n<blockquote class=\"wp-block-quote has-text-align-center is-layout-flow wp-block-quote-is-layout-flow\">\n<p>Excellente d\u00e9couverte ! Incroyable niveau pr\u00e9cision et tr\u00e8s d\u00e9taill\u00e9e ! Belles courbes exploitables . Les couples et puissances annonc\u00e9s sur fiche technique sont hyper proches des r\u00e9sultats trouv\u00e9s . Bravo !<\/p>\n<\/blockquote>\n\n\n\n<div style=\"height:25px\" aria-hidden=\"true\" class=\"wp-block-spacer\"><\/div>\n\n\n\n<p class=\"has-text-align-center\"><em>Anthime &#8211; 24 Janvier 2018 &#8211; France<\/em><\/p>\n\n\n\n<blockquote class=\"wp-block-quote has-text-align-center is-layout-flow wp-block-quote-is-layout-flow\">\n<p>Super application test\u00e9e sur plusieurs v\u00e9hicules et r\u00e9sultats tres proches des donn\u00e9es constructeur voire identiques, bien plus pr\u00e9cis que Perfexpert, je recommande<\/p>\n<\/blockquote>\n\n\n\n<div style=\"height:25px\" aria-hidden=\"true\" class=\"wp-block-spacer\"><\/div>\n\n\n\n<p class=\"has-text-align-center\"><em>Elvis &#8211; 25 D\u00e9cembre 2017 &#8211; France<\/em><\/p>\n\n\n\n<blockquote class=\"wp-block-quote has-text-align-center is-layout-flow wp-block-quote-is-layout-flow\">\n<p>Plusieurs tests avec plusieurs v\u00e9hicules et les r\u00e9sultats se sont av\u00e9r\u00e9s tr\u00e8s justes. Egalement comparaison avec un test sur banc d&#8217;essai et il y avait \u00e0 2 ps pr\u00e8s la m\u00eame puissance!!<\/p>\n<\/blockquote>\n\n\n\n<div style=\"height:25px\" aria-hidden=\"true\" class=\"wp-block-spacer\"><\/div>\n\n\n\n<p class=\"has-text-align-center\"><em>Nicolas &#8211; 11 Ao\u00fbt 2017 &#8211; France<\/em><\/p>\n\n\n\n<blockquote class=\"wp-block-quote has-text-align-center is-layout-flow wp-block-quote-is-layout-flow\">\n<p>Application tr\u00e8s pr\u00e9cise ! Meilleure que Perfexpert pour ce qui est de la pr\u00e9cision des mesures. M\u00eame si la partie graphique est &#8220;moins r\u00e9ussie&#8221; que sur Perfexpert je pr\u00e9f\u00e8re cette appli pour sa fiabilit\u00e9 ! J&#8217;ajoute que je suis issu du milieu scientifique et je trouve vraiment que cette appli est bien plus s\u00e9rieuse scientifiquement parlant compar\u00e9e \u00e0 Perfexpert qui m&#8217;a donn\u00e9e des diff\u00e9rences de puissance de plus de 10 ch entre les mesures ! Connaissant le prix d&#8217;un passage au banc, cette application est une tr\u00e8s bonne alternative pour conna\u00eetre les performances de sa voiture. On se fait une id\u00e9e de la passion qui a \u00e9t\u00e9 n\u00e9cessaire au developpeur pour cr\u00e9er et am\u00e9liorer sans cesse son appli ! Bravo et merci !<\/p>\n<\/blockquote>\n\n\n\n<div style=\"height:25px\" aria-hidden=\"true\" class=\"wp-block-spacer\"><\/div>\n\n\n\n<p class=\"has-text-align-center\"><em>Utilisateur Andro\u00efd &#8211; 15 F\u00e9vrier 2017 &#8211; Suisse<\/em><\/p>\n\n\n\n<blockquote class=\"wp-block-quote has-text-align-center is-layout-flow wp-block-quote-is-layout-flow\">\n<p>Magnifique application que j&#8217;utilise tr\u00e8s r\u00e9guli\u00e8rement pour mes pr\u00e9parations (Aston Martin &amp; Lamborghini entre autres). On a compar\u00e9 l&#8217;application avec trois bancs de puissance (dont un Superflow) et la pr\u00e9cision est vraiment juste. Ceux qui trouvent trop ch\u00e8re n&#8217;ont qu&#8217;\u00e0 acheter un banc de puissance (plus de 12o ooo euros) ou passer leur v\u00e9hicule sur un banc dont un seul passage co\u00fbte plus ch\u00e8re que l&#8217;application. Encore f\u00e9licitations \u00e0 l&#8217;auteur.<\/p>\n<\/blockquote>\n\n\n\n<div style=\"height:25px\" aria-hidden=\"true\" class=\"wp-block-spacer\"><\/div>\n\n\n\n<p class=\"has-text-align-center\"><em>Elvir (USS PERFORMANCES Suisse) &#8211; 26 Octobre 2015 &#8211; Suisse<\/em><\/p>\n\n\n\n<blockquote class=\"wp-block-quote has-text-align-center is-layout-flow wp-block-quote-is-layout-flow\">\n<p>Super ! J&#8217;ai eu Perfexpert. Mais l\u00e0 j&#8217;ach\u00e8te pour un soutien professionel pour une personne qui se donne de la peine tout seul \u00e0 devlopper un produit que je trouve excellent, qui est dispo \u00e0 r\u00e9pondre \u00e0 ses clients, qui est sympathique, pr\u00e9cis dans ses explications et j&#8217;en passe. Continue comme sa ! USS PERFORMANCES Suisse \/\/ Elvir Ahmetovic<\/p>\n<\/blockquote>\n\n\n\n<div style=\"height:25px\" aria-hidden=\"true\" class=\"wp-block-spacer\"><\/div>\n\n\n\n<p class=\"has-text-align-center\"><em>Yannick &#8211; 3 Septembre 2015 &#8211; France<\/em><\/p>\n\n\n\n<blockquote class=\"wp-block-quote has-text-align-center is-layout-flow wp-block-quote-is-layout-flow\">\n<p>Au top! Tout simplement la meilleure application de mesure de performances auto! Je l&#8217;utilise depuis pas mal de temps maintenant (honte \u00e0 moi d&#8217;avoir autant tard\u00e9 \u00e0 noter l&#8217;appli) et la pr\u00e9cision est toujours aussi bluffante. Les r\u00e9sultats \u00e0 Perfect Power sont identiques \u00e0 ceux mesur\u00e9s sur le banc de mon pr\u00e9parateur au cheval pr\u00e8s! J&#8217;ai d\u00e9j\u00e0 mesur\u00e9 une bonne vingtaine d&#8217;autos \u00e0 Perfect Power et j&#8217;ai toujours eu des r\u00e9sultats pr\u00e9cis et fiables! Et pour couronner le tout David est d&#8217;une disponibilit\u00e9 exemplaire!<\/p>\n<\/blockquote>\n\n\n\n<div style=\"height:25px\" aria-hidden=\"true\" class=\"wp-block-spacer\"><\/div>\n\n\n\n<p class=\"has-text-align-center\"><em>Nenad &#8211; 27 Mars 2015 &#8211; Belgique<\/em><\/p>\n\n\n\n<blockquote class=\"wp-block-quote has-text-align-center is-layout-flow wp-block-quote-is-layout-flow\">\n<p>Application au top une fois bien configur\u00e9e. Etant un peu perplexe j&#8217;ai moi m\u00eame fait une comparaison entre un vrai banc de puissance et cette application le r\u00e9sultat est juste incroyable les r\u00e9sultats sont identiques \u00e0 1 cheval pr\u00e8s et l&#8217;interface est bcp plus simple et mieux expliqu\u00e9e que toutes les autres applis similaires . Je vous la conseille vivement<\/p>\n<\/blockquote>\n\n\n\n<div style=\"height:25px\" aria-hidden=\"true\" class=\"wp-block-spacer\"><\/div>\n<\/div>\n\n\n\n<div class=\"wp-block-column is-layout-flow wp-block-column-is-layout-flow\">\n<h2 class=\"wp-block-heading has-text-align-center\">PerfectPower iOS<\/h2>\n\n\n\n<div style=\"height:25px\" aria-hidden=\"true\" class=\"wp-block-spacer\"><\/div>\n\n\n<div class=\"wp-block-image\">\n<figure class=\"aligncenter size-full\"><a href=\"https:\/\/apps.apple.com\/fr\/app\/perfectpower\/id539294038\" target=\"_blank\" rel=\" noreferrer noopener\"><img loading=\"lazy\" decoding=\"async\" width=\"200\" height=\"59\" src=\"https:\/\/www.perfectpower.pro\/fr\/wp-content\/uploads\/App-Store-Badge-FR_200x59.png\" alt=\"\" class=\"wp-image-293\"\/><\/a><\/figure>\n<\/div>\n\n\n<p class=\"has-text-align-center\">App Store Fran\u00e7ais<\/p>\n\n\n\n<div style=\"height:25px\" aria-hidden=\"true\" class=\"wp-block-spacer\"><\/div>\n\n\n<div class=\"wp-block-image\">\n<figure class=\"aligncenter size-full\"><a href=\"https:\/\/apps.apple.com\/us\/app\/perfectpower\/id539294038\" target=\"_blank\" rel=\" noreferrer noopener\"><img loading=\"lazy\" decoding=\"async\" width=\"200\" height=\"59\" src=\"https:\/\/www.perfectpower.pro\/fr\/wp-content\/uploads\/App-Store-Badge-EN_200x59.png\" alt=\"\" class=\"wp-image-2110\"\/><\/a><\/figure>\n<\/div>\n\n\n<p class=\"has-text-align-center\">App Store US<\/p>\n\n\n\n<div style=\"height:25px\" aria-hidden=\"true\" class=\"wp-block-spacer\"><\/div>\n\n\n\n<p class=\"has-text-align-center\"><strong>Note moyenne au 1 Mai 2026:<\/strong><\/p>\n\n\n\n<p class=\"has-text-align-center\"><strong>4,1 \/ 5 (15 notes)<\/strong><\/p>\n\n\n\n<p class=\"has-text-align-center\"><strong>(Apple ne retient que les plus r\u00e9centes)<\/strong><\/p>\n\n\n\n<div style=\"height:25px\" aria-hidden=\"true\" class=\"wp-block-spacer\"><\/div>\n\n\n\n<p class=\"has-text-align-center\"><strong>10 avis s\u00e9lectionn\u00e9s<\/strong><\/p>\n\n\n\n<div style=\"height:25px\" aria-hidden=\"true\" class=\"wp-block-spacer\"><\/div>\n\n\n\n<p class=\"has-text-align-center\"><em>Utilisateur iOS &#8211; 8 Mai 2017 &#8211; France<\/em><\/p>\n\n\n\n<blockquote class=\"wp-block-quote has-text-align-center is-layout-flow wp-block-quote-is-layout-flow\">\n<p>Super bonne appli donnant des r\u00e9sultats pr\u00e9cis et r\u00e9guliers. Un banc de puissance de poche tr\u00e8s pratique et simple d&#8217;utilisation. Les r\u00e9sultats sont fiables et n&#8217;ont rien \u00e0 envier \u00e0 un banc sur rouleaux traditionnel. Assurez vous de respecter les conditions d&#8217;utilisation d\u00e9crites sur le site de Perfect Power et ce sera parfait.<\/p>\n<\/blockquote>\n\n\n\n<div style=\"height:25px\" aria-hidden=\"true\" class=\"wp-block-spacer\"><\/div>\n\n\n\n<p class=\"has-text-align-center\"><em>Utilisateur iOS &#8211; 24 Janvier 2017 &#8211; France<\/em><\/p>\n\n\n\n<blockquote class=\"wp-block-quote has-text-align-center is-layout-flow wp-block-quote-is-layout-flow\">\n<p>Bonjour, j&#8217;ai t\u00e9l\u00e9charg\u00e9 cette application pour faire des tests sur mes propres v\u00e9hicules, elle est vraiment top et r\u00e9aliste car j&#8217;ai effectu\u00e9 aussi des essais sur banc pour comparer, il faut par contre bien l\u00e0 param\u00e9trer pour que \u00e7a soit le plus pr\u00e9cis possible, je recommande cette application vous pouvez l&#8217;acheter les yeux ferm\u00e9s cordialement<\/p>\n<\/blockquote>\n\n\n\n<div style=\"height:25px\" aria-hidden=\"true\" class=\"wp-block-spacer\"><\/div>\n\n\n\n<p class=\"has-text-align-center\"><em>Laurent (DLP Performance) &#8211; 21 Janvier 2017 &#8211; France<\/em><\/p>\n\n\n\n<blockquote class=\"wp-block-quote has-text-align-center is-layout-flow wp-block-quote-is-layout-flow\">\n<p>Bonjour Je tenais \u00e0 remercier David Je suis un utilisateur de son application qui est un outil de travail que je me sers tous les jours Des tests banc et appli ont \u00e9t\u00e9 fait 2 \u00e0 3 cv de diff\u00e9rence Merci pour ton travail et ta disponibilit\u00e9 via le mail pour les donn\u00e9es v\u00e9hicule A bient\u00f4t Laurent DLP<\/p>\n<\/blockquote>\n\n\n\n<div style=\"height:25px\" aria-hidden=\"true\" class=\"wp-block-spacer\"><\/div>\n\n\n\n<p class=\"has-text-align-center\"><em>Rapha\u00ebl &#8211; 2 Mai 2014 &#8211; France<\/em><\/p>\n\n\n\n<blockquote class=\"wp-block-quote has-text-align-center is-layout-flow wp-block-quote-is-layout-flow\">\n<p>Excellente application, fonctionnement parfait. Je l&#8217;ai utilis\u00e9e pour d\u00e9panner ma Porsche 928S4 et je dispose maintenant d&#8217;un outil fiable qui me permet de tester les \u00e9carts de perfo de la voiture en fonction de mes interventions sur le moteur. Je recommande vivement cette appli, qui, gr\u00e2ce au soutien sans faille du concepteur du logiciel (assistance apr\u00e8s vente impeccable) permet de faire de l&#8217;excellent travail!<\/p>\n<\/blockquote>\n\n\n\n<div style=\"height:25px\" aria-hidden=\"true\" class=\"wp-block-spacer\"><\/div>\n\n\n\n<p class=\"has-text-align-center\"><em>Matthew &#8211; 18 F\u00e9vrier 2014 &#8211; France<\/em><\/p>\n\n\n\n<blockquote class=\"wp-block-quote has-text-align-center is-layout-flow wp-block-quote-is-layout-flow\">\n<p>Tout simplement le top des applications de performances automobile et extr\u00eamement compl\u00e8te !!!! Bon travail de la part de David qui est toujours a l \u00e9coute si l on rencontre un souci d&#8217;usage.<\/p>\n<\/blockquote>\n\n\n\n<div style=\"height:25px\" aria-hidden=\"true\" class=\"wp-block-spacer\"><\/div>\n\n\n\n<p class=\"has-text-align-center\"><em>Laurent &#8211; 9 Septembre 2013 &#8211; France<\/em><\/p>\n\n\n\n<blockquote class=\"wp-block-quote has-text-align-center is-layout-flow wp-block-quote-is-layout-flow\">\n<p>Je fais souvent des reprogrammations de calculateur et c&#8217;est vraiment l&#8217;outil id\u00e9al pour quantifier les gains. Bien plus pr\u00e9cis que la plupart des bancs \u00e0 rouleaux des professionnels qui pour la plupart sont mal param\u00e8tr\u00e9s et donnent des valeurs optimistes tout en \u00e9tant moins cher la premi\u00e8re fois et gratuit du coup toutes les suivantes. En + le cr\u00e9ateur est un passionn\u00e9 du monde automobile et il est tr\u00e8s accessible. Si on lui sugg\u00e8re une id\u00e9e qui peut am\u00e9liorer l&#8217;utilisation de son application, il la programme ;o)<\/p>\n<\/blockquote>\n\n\n\n<div style=\"height:25px\" aria-hidden=\"true\" class=\"wp-block-spacer\"><\/div>\n\n\n\n<p class=\"has-text-align-center\"><em>Christophe &#8211; 13 Avril 2013 &#8211; France<\/em><\/p>\n\n\n\n<blockquote class=\"wp-block-quote has-text-align-center is-layout-flow wp-block-quote-is-layout-flow\">\n<p>J&#8217;utilise PerfectPOWER pour mesurer la puissance de mes autos , entre autres avec ma M3\/\/\/ E46 . Je l&#8217;utilise beaucoup pour mesurer la puissance avec diff\u00e9rentes configurations , apr\u00e8s plusieurs tests je retrouve quasiment les m\u00eames chiffres (couple\/puissance) les tests de chronos sont tr\u00e8s bien r\u00e9alis\u00e9s. De nombreuses mises \u00e0 jour par le d\u00e9veloppeur voient le jour . Bref une tr\u00e8s bonne application .<\/p>\n<\/blockquote>\n\n\n\n<div style=\"height:25px\" aria-hidden=\"true\" class=\"wp-block-spacer\"><\/div>\n\n\n\n<p class=\"has-text-align-center\"><em>Alex &#8211; 13 Avril 2013 &#8211; France<\/em><\/p>\n\n\n\n<blockquote class=\"wp-block-quote has-text-align-center is-layout-flow wp-block-quote-is-layout-flow\">\n<p>Enfin une appli qui est pr\u00e9cise dans les mesures!! \u00c7a fait plaisir d&#8217;avoir un banc de puissance dans la poche et d&#8217;\u00e9conomiser au moins 80\u20ac \u00e0 chaque passage<\/p>\n<\/blockquote>\n\n\n\n<div style=\"height:25px\" aria-hidden=\"true\" class=\"wp-block-spacer\"><\/div>\n\n\n\n<p class=\"has-text-align-center\"><em>Utilisateur iOS &#8211; 10 Avril 2013 &#8211; France<\/em><\/p>\n\n\n\n<blockquote class=\"wp-block-quote has-text-align-center is-layout-flow wp-block-quote-is-layout-flow\">\n<p>Premier essai de mesure de puissance&#8230;.. Et l\u00e0!!! Seulement 1% d&#8217;erreur sur la puissance et 0,5% sur le couple!!! Et au r\u00e9gime indiqu\u00e9 par le constructeur!!! Super appli merci!!! Depuis le temps , enfin une appli digne de ce nom.<\/p>\n<\/blockquote>\n\n\n\n<div style=\"height:25px\" aria-hidden=\"true\" class=\"wp-block-spacer\"><\/div>\n\n\n\n<p class=\"has-text-align-center\"><em>Utilisateur iOS &#8211; 21 Septembre 2012 &#8211; Belgique<\/em><\/p>\n\n\n\n<blockquote class=\"wp-block-quote has-text-align-center is-layout-flow wp-block-quote-is-layout-flow\">\n<p>Du travail de pro, on a du mal \u00e0 y croire mais \u00e7a fonctionne et c&#8217;est aussi pr\u00e9cis qu&#8217;un banc de puissance!!! Attention, il faut bien lire le mode d&#8217;emploi car tous les param\u00e8tres sont importants et l&#8217;utilisation aussi, j&#8217;ai obtenu de bons r\u00e9sultats une fois tous les param\u00e8tres de la voiture et d&#8217;utilisation parfaitement respect\u00e9s. Merci<\/p>\n<\/blockquote>\n\n\n\n<div style=\"height:25px\" aria-hidden=\"true\" class=\"wp-block-spacer\"><\/div>\n<\/div>\n<\/div>\n\n\n\n<div style=\"height:25px\" aria-hidden=\"true\" class=\"wp-block-spacer\"><\/div>\n\n\n\n<p><\/p>\n","protected":false},"excerpt":{"rendered":"<p>PerfectPower Andro\u00efd Google Play Fran\u00e7ais Google Play US Note moyenne au 1 Mai 2026: 4,7 \/ 5 (128 notes) (Google ne retient que les plus r\u00e9centes) 10 avis s\u00e9lectionn\u00e9s Guilherme Junior &#8211; 4 Janvier 2025 &#8211; Br\u00e9sil (avis traduit du Portugais) Je connais cette appli depuis 2016, elle est vraiment g\u00e9niale, sans aucun doute la&hellip; <br \/> <a class=\"read-more\" href=\"https:\/\/www.perfectpower.pro\/fr\/avis\/\">Read more<\/a><\/p>\n","protected":false},"author":1,"featured_media":0,"parent":0,"menu_order":0,"comment_status":"closed","ping_status":"closed","template":"","meta":{"footnotes":""},"class_list":["post-54","page","type-page","status-publish","hentry"],"_links":{"self":[{"href":"https:\/\/www.perfectpower.pro\/fr\/wp-json\/wp\/v2\/pages\/54","targetHints":{"allow":["GET"]}}],"collection":[{"href":"https:\/\/www.perfectpower.pro\/fr\/wp-json\/wp\/v2\/pages"}],"about":[{"href":"https:\/\/www.perfectpower.pro\/fr\/wp-json\/wp\/v2\/types\/page"}],"author":[{"embeddable":true,"href":"https:\/\/www.perfectpower.pro\/fr\/wp-json\/wp\/v2\/users\/1"}],"replies":[{"embeddable":true,"href":"https:\/\/www.perfectpower.pro\/fr\/wp-json\/wp\/v2\/comments?post=54"}],"version-history":[{"count":61,"href":"https:\/\/www.perfectpower.pro\/fr\/wp-json\/wp\/v2\/pages\/54\/revisions"}],"predecessor-version":[{"id":2570,"href":"https:\/\/www.perfectpower.pro\/fr\/wp-json\/wp\/v2\/pages\/54\/revisions\/2570"}],"wp:attachment":[{"href":"https:\/\/www.perfectpower.pro\/fr\/wp-json\/wp\/v2\/media?parent=54"}],"curies":[{"name":"wp","href":"https:\/\/api.w.org\/{rel}","templated":true}]}}