{"id":52,"date":"2025-05-25T11:20:42","date_gmt":"2025-05-25T16:20:42","guid":{"rendered":"https:\/\/www.perfectpower.pro\/fr\/?page_id=52"},"modified":"2025-10-04T18:42:42","modified_gmt":"2025-10-04T23:42:42","slug":"resultats","status":"publish","type":"page","link":"https:\/\/www.perfectpower.pro\/fr\/resultats\/","title":{"rendered":"R\u00e9sultats"},"content":{"rendered":"\n<div class=\"wp-block-columns is-layout-flex wp-container-core-columns-is-layout-9d6595d7 wp-block-columns-is-layout-flex\">\n<div class=\"wp-block-column is-layout-flow wp-block-column-is-layout-flow\"><div class=\"wp-block-image\">\n<figure class=\"aligncenter size-full is-resized\"><a href=\"https:\/\/www.perfectpower.pro\/fr\/labo-perfectpower\/\" target=\"_blank\" rel=\" noreferrer noopener\"><img loading=\"lazy\" decoding=\"async\" width=\"1512\" height=\"2016\" src=\"https:\/\/www.perfectpower.pro\/fr\/wp-content\/uploads\/M3-E46-Arthur-PeseeP-1_07072025.jpg\" alt=\"\" class=\"wp-image-520\" style=\"width:300px\" srcset=\"https:\/\/www.perfectpower.pro\/fr\/wp-content\/uploads\/M3-E46-Arthur-PeseeP-1_07072025.jpg 1512w, https:\/\/www.perfectpower.pro\/fr\/wp-content\/uploads\/M3-E46-Arthur-PeseeP-1_07072025-375x500.jpg 375w, https:\/\/www.perfectpower.pro\/fr\/wp-content\/uploads\/M3-E46-Arthur-PeseeP-1_07072025-768x1024.jpg 768w, https:\/\/www.perfectpower.pro\/fr\/wp-content\/uploads\/M3-E46-Arthur-PeseeP-1_07072025-1152x1536.jpg 1152w, https:\/\/www.perfectpower.pro\/fr\/wp-content\/uploads\/M3-E46-Arthur-PeseeP-1_07072025-1024x1365.jpg 1024w, https:\/\/www.perfectpower.pro\/fr\/wp-content\/uploads\/M3-E46-Arthur-PeseeP-1_07072025-810x1080.jpg 810w\" sizes=\"auto, (max-width: 1512px) 100vw, 1512px\" \/><\/a><\/figure>\n<\/div>\n\n\n<div style=\"height:25px\" aria-hidden=\"true\" class=\"wp-block-spacer\"><\/div>\n\n\n\n<h3 class=\"wp-block-heading has-text-align-center\"><a href=\"https:\/\/www.perfectpower.pro\/fr\/labo-perfectpower\/\" target=\"_blank\" rel=\"noreferrer noopener\">Labo PerfectPower<\/a><\/h3>\n<\/div>\n\n\n\n<div class=\"wp-block-column is-layout-flow wp-block-column-is-layout-flow\"><div class=\"wp-block-image\">\n<figure class=\"aligncenter size-full is-resized\"><a href=\"https:\/\/www.perfectpower.pro\/fr\/utilisateurs-perfectpower\/\" target=\"_blank\" rel=\" noreferrer noopener\"><img loading=\"lazy\" decoding=\"async\" width=\"1512\" height=\"2016\" src=\"https:\/\/www.perfectpower.pro\/fr\/wp-content\/uploads\/E55-AMG-W210-Christophe-PeseeMP-1_10052025.jpg\" alt=\"\" class=\"wp-image-311\" style=\"width:300px\" srcset=\"https:\/\/www.perfectpower.pro\/fr\/wp-content\/uploads\/E55-AMG-W210-Christophe-PeseeMP-1_10052025.jpg 1512w, https:\/\/www.perfectpower.pro\/fr\/wp-content\/uploads\/E55-AMG-W210-Christophe-PeseeMP-1_10052025-375x500.jpg 375w, https:\/\/www.perfectpower.pro\/fr\/wp-content\/uploads\/E55-AMG-W210-Christophe-PeseeMP-1_10052025-768x1024.jpg 768w, https:\/\/www.perfectpower.pro\/fr\/wp-content\/uploads\/E55-AMG-W210-Christophe-PeseeMP-1_10052025-1152x1536.jpg 1152w, https:\/\/www.perfectpower.pro\/fr\/wp-content\/uploads\/E55-AMG-W210-Christophe-PeseeMP-1_10052025-1024x1365.jpg 1024w, https:\/\/www.perfectpower.pro\/fr\/wp-content\/uploads\/E55-AMG-W210-Christophe-PeseeMP-1_10052025-810x1080.jpg 810w\" sizes=\"auto, (max-width: 1512px) 100vw, 1512px\" \/><\/a><\/figure>\n<\/div>\n\n\n<div style=\"height:25px\" aria-hidden=\"true\" class=\"wp-block-spacer\"><\/div>\n\n\n\n<h3 class=\"wp-block-heading has-text-align-center\"><a href=\"https:\/\/www.perfectpower.pro\/fr\/utilisateurs-perfectpower\/\" target=\"_blank\" rel=\"noreferrer noopener\">Utilisateurs PerfectPower<\/a><\/h3>\n<\/div>\n\n\n\n<div class=\"wp-block-column is-layout-flow wp-block-column-is-layout-flow\"><div class=\"wp-block-image\">\n<figure class=\"aligncenter size-full is-resized\"><a href=\"https:\/\/www.perfectpower.pro\/fr\/perfectpower-vs-bancs\/\" target=\"_blank\" rel=\" noreferrer noopener\"><img loading=\"lazy\" decoding=\"async\" width=\"1536\" height=\"2048\" src=\"https:\/\/www.perfectpower.pro\/fr\/wp-content\/uploads\/C63-AMG-W204-Yoann-Photo-1_18072025.jpg\" alt=\"\" class=\"wp-image-546\" style=\"width:300px\" srcset=\"https:\/\/www.perfectpower.pro\/fr\/wp-content\/uploads\/C63-AMG-W204-Yoann-Photo-1_18072025.jpg 1536w, https:\/\/www.perfectpower.pro\/fr\/wp-content\/uploads\/C63-AMG-W204-Yoann-Photo-1_18072025-375x500.jpg 375w, https:\/\/www.perfectpower.pro\/fr\/wp-content\/uploads\/C63-AMG-W204-Yoann-Photo-1_18072025-768x1024.jpg 768w, https:\/\/www.perfectpower.pro\/fr\/wp-content\/uploads\/C63-AMG-W204-Yoann-Photo-1_18072025-1152x1536.jpg 1152w, https:\/\/www.perfectpower.pro\/fr\/wp-content\/uploads\/C63-AMG-W204-Yoann-Photo-1_18072025-1024x1365.jpg 1024w, https:\/\/www.perfectpower.pro\/fr\/wp-content\/uploads\/C63-AMG-W204-Yoann-Photo-1_18072025-810x1080.jpg 810w\" sizes=\"auto, (max-width: 1536px) 100vw, 1536px\" \/><\/a><\/figure>\n<\/div>\n\n\n<div style=\"height:25px\" aria-hidden=\"true\" class=\"wp-block-spacer\"><\/div>\n\n\n\n<h3 class=\"wp-block-heading has-text-align-center\"><a href=\"https:\/\/www.perfectpower.pro\/fr\/perfectpower-vs-bancs\/\" target=\"_blank\" rel=\"noreferrer noopener\">PerfectPower Vs Bancs<\/a><\/h3>\n<\/div>\n<\/div>\n\n\n\n<div style=\"height:50px\" aria-hidden=\"true\" class=\"wp-block-spacer\"><\/div>\n\n\n\n<p><strong>Note<\/strong>: Nous disposons de dizaines de r\u00e9sultats en stock pour chacune de ces rubriques, mais nous avons choisi de ne publier que les plus repr\u00e9sentatifs et les plus r\u00e9cents afin de ne pas surcharger ces rubriques, merci de votre compr\u00e9hension!<\/p>\n","protected":false},"excerpt":{"rendered":"<p>Labo PerfectPower Utilisateurs PerfectPower PerfectPower Vs Bancs Note: Nous disposons de dizaines de r\u00e9sultats en stock pour chacune de ces rubriques, mais nous avons choisi de ne publier que les plus repr\u00e9sentatifs et les plus r\u00e9cents afin de ne pas surcharger ces rubriques, merci de votre compr\u00e9hension!<\/p>\n","protected":false},"author":1,"featured_media":339,"parent":0,"menu_order":0,"comment_status":"closed","ping_status":"closed","template":"","meta":{"footnotes":""},"class_list":["post-52","page","type-page","status-publish","has-post-thumbnail","hentry"],"_links":{"self":[{"href":"https:\/\/www.perfectpower.pro\/fr\/wp-json\/wp\/v2\/pages\/52","targetHints":{"allow":["GET"]}}],"collection":[{"href":"https:\/\/www.perfectpower.pro\/fr\/wp-json\/wp\/v2\/pages"}],"about":[{"href":"https:\/\/www.perfectpower.pro\/fr\/wp-json\/wp\/v2\/types\/page"}],"author":[{"embeddable":true,"href":"https:\/\/www.perfectpower.pro\/fr\/wp-json\/wp\/v2\/users\/1"}],"replies":[{"embeddable":true,"href":"https:\/\/www.perfectpower.pro\/fr\/wp-json\/wp\/v2\/comments?post=52"}],"version-history":[{"count":40,"href":"https:\/\/www.perfectpower.pro\/fr\/wp-json\/wp\/v2\/pages\/52\/revisions"}],"predecessor-version":[{"id":1421,"href":"https:\/\/www.perfectpower.pro\/fr\/wp-json\/wp\/v2\/pages\/52\/revisions\/1421"}],"wp:featuredmedia":[{"embeddable":true,"href":"https:\/\/www.perfectpower.pro\/fr\/wp-json\/wp\/v2\/media\/339"}],"wp:attachment":[{"href":"https:\/\/www.perfectpower.pro\/fr\/wp-json\/wp\/v2\/media?parent=52"}],"curies":[{"name":"wp","href":"https:\/\/api.w.org\/{rel}","templated":true}]}}