{"id":50,"date":"2025-05-25T11:19:28","date_gmt":"2025-05-25T16:19:28","guid":{"rendered":"https:\/\/www.perfectpower.pro\/fr\/?page_id=50"},"modified":"2025-08-31T05:28:42","modified_gmt":"2025-08-31T10:28:42","slug":"confidentialite","status":"publish","type":"page","link":"https:\/\/www.perfectpower.pro\/fr\/confidentialite\/","title":{"rendered":"Confidentialit\u00e9"},"content":{"rendered":"\n<h2 class=\"wp-block-heading has-text-align-center\">R\u00e8gles de Confidentialit\u00e9 de l&#8217;Application PerfectPower<\/h2>\n\n\n\n<div style=\"height:25px\" aria-hidden=\"true\" class=\"wp-block-spacer\"><\/div>\n\n\n\n<p class=\"has-text-align-left\">1) D\u00e9veloppeur de l&#8217;application: <strong>David METTEY<\/strong><\/p>\n\n\n\n<div style=\"height:25px\" aria-hidden=\"true\" class=\"wp-block-spacer\"><\/div>\n\n\n\n<p class=\"has-text-align-left\">2) Personne \u00e0 contacter sur les questions de confidentialit\u00e9: <strong>David METTEY<\/strong>, par mail via l&#8217;application (\u00e9cran SETUP, bouton Contact mail)<\/p>\n\n\n\n<div style=\"height:25px\" aria-hidden=\"true\" class=\"wp-block-spacer\"><\/div>\n\n\n\n<p class=\"has-text-align-left\">3) La seule et unique <strong>donn\u00e9e utilisateur sensible et \u00e0 caract\u00e8re personnel<\/strong>&nbsp;\u00e0 laquelle acc\u00e8de l&#8217;application PerfectPower est la <strong>position&nbsp;GPS<\/strong>, et elle utilise cette donn\u00e9e UNIQUEMENT pour r\u00e9aliser les fonctions pour lesquelles elle a \u00e9t\u00e9 d\u00e9velopp\u00e9e: la mesure de la puissance moteur norm\u00e9e, des acc\u00e9l\u00e9rations, des reprises, du freinage, et de la vitesse maxi de sa voiture, le calcul des rapports de boite de celle-ci par \u00e9talonnage r\u00e9gime, la mesure des pertes de celle-ci en roue libre, la simulation des performances de celle-ci (de fa\u00e7on indirecte apr\u00e8s une mesure de puissance), et enfin la mesure de ses temps au tour sur circuit.<\/p>\n\n\n\n<p class=\"has-text-align-left\">De plus, elle ne collecte ni ne partage avec qui ou quoi que ce soit les diff\u00e9rentes <strong>positions GPS<\/strong> relev\u00e9es lorsqu&#8217;elle est active, et elle cesse instantan\u00e9ment de les relever lorsqu&#8217;elle est en arri\u00e8re-plan.<\/p>\n\n\n\n<p class=\"has-text-align-left\">Et enfin, elle ne les enregistre JAMAIS dans la m\u00e9moire permanente du t\u00e9l\u00e9phone.<\/p>\n\n\n\n<div style=\"height:25px\" aria-hidden=\"true\" class=\"wp-block-spacer\"><\/div>\n\n\n\n<p class=\"has-text-align-left\">4) Ces <strong>positions GPS<\/strong> ne sont toutefois pas crypt\u00e9es dans l&#8217;application, mais cela ne pose aucun souci de confidentialit\u00e9 puisque comme dit ci-dessus ces donn\u00e9es sont utilis\u00e9es uniquement \u00e0 des fins de calculs ET uniquement lorsque l&#8217;application est active, et elles ne sont JAMAIS enregistr\u00e9es dans la m\u00e9moire permanente du t\u00e9l\u00e9phone.<\/p>\n\n\n\n<div style=\"height:25px\" aria-hidden=\"true\" class=\"wp-block-spacer\"><\/div>\n\n\n\n<p class=\"has-text-align-left\">5) Ces <strong>positions GPS<\/strong> ne transitent donc QUE dans la m\u00e9moire vive du t\u00e9l\u00e9phone et SEULEMENT pendant que l&#8217;application est active, elles ne se trouvent JAMAIS dans la m\u00e9moire permanente du t\u00e9l\u00e9phone, et elles sont instantan\u00e9ment supprim\u00e9es de cette m\u00e9moire vive d\u00e8s que l&#8217;application est en arri\u00e8re-plan ou bien entendu ferm\u00e9e.<\/p>\n\n\n\n<div style=\"height:25px\" aria-hidden=\"true\" class=\"wp-block-spacer\"><\/div>\n\n\n\n<p><\/p>\n","protected":false},"excerpt":{"rendered":"<p>R\u00e8gles de Confidentialit\u00e9 de l&#8217;Application PerfectPower 1) D\u00e9veloppeur de l&#8217;application: David METTEY 2) Personne \u00e0 contacter sur les questions de confidentialit\u00e9: David METTEY, par mail via l&#8217;application (\u00e9cran SETUP, bouton Contact mail) 3) La seule et unique donn\u00e9e utilisateur sensible et \u00e0 caract\u00e8re personnel&nbsp;\u00e0 laquelle acc\u00e8de l&#8217;application PerfectPower est la position&nbsp;GPS, et elle utilise cette&hellip; <br \/> <a class=\"read-more\" href=\"https:\/\/www.perfectpower.pro\/fr\/confidentialite\/\">Read more<\/a><\/p>\n","protected":false},"author":1,"featured_media":0,"parent":0,"menu_order":0,"comment_status":"closed","ping_status":"closed","template":"","meta":{"footnotes":""},"class_list":["post-50","page","type-page","status-publish","hentry"],"_links":{"self":[{"href":"https:\/\/www.perfectpower.pro\/fr\/wp-json\/wp\/v2\/pages\/50","targetHints":{"allow":["GET"]}}],"collection":[{"href":"https:\/\/www.perfectpower.pro\/fr\/wp-json\/wp\/v2\/pages"}],"about":[{"href":"https:\/\/www.perfectpower.pro\/fr\/wp-json\/wp\/v2\/types\/page"}],"author":[{"embeddable":true,"href":"https:\/\/www.perfectpower.pro\/fr\/wp-json\/wp\/v2\/users\/1"}],"replies":[{"embeddable":true,"href":"https:\/\/www.perfectpower.pro\/fr\/wp-json\/wp\/v2\/comments?post=50"}],"version-history":[{"count":6,"href":"https:\/\/www.perfectpower.pro\/fr\/wp-json\/wp\/v2\/pages\/50\/revisions"}],"predecessor-version":[{"id":1218,"href":"https:\/\/www.perfectpower.pro\/fr\/wp-json\/wp\/v2\/pages\/50\/revisions\/1218"}],"wp:attachment":[{"href":"https:\/\/www.perfectpower.pro\/fr\/wp-json\/wp\/v2\/media?parent=50"}],"curies":[{"name":"wp","href":"https:\/\/api.w.org\/{rel}","templated":true}]}}