{"id":267,"date":"2025-06-14T09:38:28","date_gmt":"2025-06-14T14:38:28","guid":{"rendered":"https:\/\/www.perfectpower.pro\/fr\/?page_id=267"},"modified":"2026-01-06T05:52:49","modified_gmt":"2026-01-06T10:52:49","slug":"bmw-m3-e46-hugo","status":"publish","type":"page","link":"https:\/\/www.perfectpower.pro\/fr\/bmw-m3-e46-hugo\/","title":{"rendered":"BMW M3 E46 &#8211; Hugo"},"content":{"rendered":"\n<h2 class=\"wp-block-heading has-text-align-center\">Voiture<\/h2>\n\n\n\n<div style=\"height:25px\" aria-hidden=\"true\" class=\"wp-block-spacer\"><\/div>\n\n\n\n<p><strong>Voiture:<\/strong> BMW M3 E46 (2000) &#8211; Hugo<\/p>\n\n\n\n<p><strong>Moteur:<\/strong> 3.2 24S (L6) (S54B32)<\/p>\n\n\n\n<p><strong>Donn\u00e9es constructeur:<\/strong> 343 ch @ 7900 rpm &#8211; 365 Nm @ 4900 rpm<\/p>\n\n\n\n<p><strong>Calculateur:<\/strong>&nbsp;Siemens MSS 54<\/p>\n\n\n\n<p><strong>Cartographie (David &amp; Vincent):<\/strong> Optimisation des performances (r\u00e9glage optimal VANOS \u2013 Injection \u2013 Allumage)<\/p>\n\n\n\n<p><strong>Configuration:<\/strong> Boite \u00e0 air Carbone-M &#8211; Silencieux &amp; Intermediaire Supersprint<\/p>\n\n\n\n<p><strong>Carburant:<\/strong>&nbsp;SP 98<\/p>\n\n\n\n<div style=\"height:25px\" aria-hidden=\"true\" class=\"wp-block-spacer\"><\/div>\n\n\n<div class=\"wp-block-image\">\n<figure class=\"aligncenter size-large\"><img loading=\"lazy\" decoding=\"async\" width=\"768\" height=\"1024\" src=\"https:\/\/www.perfectpower.pro\/fr\/wp-content\/uploads\/M3-E46-Hugo-Photo_13062025-768x1024.jpg\" alt=\"\" class=\"wp-image-344\" srcset=\"https:\/\/www.perfectpower.pro\/fr\/wp-content\/uploads\/M3-E46-Hugo-Photo_13062025-768x1024.jpg 768w, https:\/\/www.perfectpower.pro\/fr\/wp-content\/uploads\/M3-E46-Hugo-Photo_13062025-375x500.jpg 375w, https:\/\/www.perfectpower.pro\/fr\/wp-content\/uploads\/M3-E46-Hugo-Photo_13062025-1152x1536.jpg 1152w, https:\/\/www.perfectpower.pro\/fr\/wp-content\/uploads\/M3-E46-Hugo-Photo_13062025-1024x1365.jpg 1024w, https:\/\/www.perfectpower.pro\/fr\/wp-content\/uploads\/M3-E46-Hugo-Photo_13062025-810x1080.jpg 810w, https:\/\/www.perfectpower.pro\/fr\/wp-content\/uploads\/M3-E46-Hugo-Photo_13062025.jpg 1512w\" sizes=\"auto, (max-width: 768px) 100vw, 768px\" \/><\/figure>\n<\/div>\n\n\n<div style=\"height:100px\" aria-hidden=\"true\" class=\"wp-block-spacer\"><\/div>\n\n\n\n<h2 class=\"wp-block-heading has-text-align-center\">Pes\u00e9e PerfectPower<\/h2>\n\n\n\n<div style=\"height:25px\" aria-hidden=\"true\" class=\"wp-block-spacer\"><\/div>\n\n\n\n<p><strong>Date:<\/strong> Vendredi 13 Juin 2025<\/p>\n\n\n\n<p><strong>Lieu:<\/strong> France (45)<\/p>\n\n\n\n<div style=\"height:25px\" aria-hidden=\"true\" class=\"wp-block-spacer\"><\/div>\n\n\n\n<div class=\"wp-block-columns is-layout-flex wp-container-core-columns-is-layout-9d6595d7 wp-block-columns-is-layout-flex\">\n<div class=\"wp-block-column is-layout-flow wp-block-column-is-layout-flow\"><div class=\"wp-block-image\">\n<figure class=\"aligncenter size-large\"><img loading=\"lazy\" decoding=\"async\" width=\"768\" height=\"1024\" src=\"https:\/\/www.perfectpower.pro\/fr\/wp-content\/uploads\/M3-E46-Hugo-Pesee3-4-P-1_13062025-768x1024.jpg\" alt=\"\" class=\"wp-image-342\" srcset=\"https:\/\/www.perfectpower.pro\/fr\/wp-content\/uploads\/M3-E46-Hugo-Pesee3-4-P-1_13062025-768x1024.jpg 768w, https:\/\/www.perfectpower.pro\/fr\/wp-content\/uploads\/M3-E46-Hugo-Pesee3-4-P-1_13062025-375x500.jpg 375w, https:\/\/www.perfectpower.pro\/fr\/wp-content\/uploads\/M3-E46-Hugo-Pesee3-4-P-1_13062025-1152x1536.jpg 1152w, https:\/\/www.perfectpower.pro\/fr\/wp-content\/uploads\/M3-E46-Hugo-Pesee3-4-P-1_13062025-1024x1365.jpg 1024w, https:\/\/www.perfectpower.pro\/fr\/wp-content\/uploads\/M3-E46-Hugo-Pesee3-4-P-1_13062025-810x1080.jpg 810w, https:\/\/www.perfectpower.pro\/fr\/wp-content\/uploads\/M3-E46-Hugo-Pesee3-4-P-1_13062025.jpg 1512w\" sizes=\"auto, (max-width: 768px) 100vw, 768px\" \/><\/figure>\n<\/div><\/div>\n\n\n\n<div class=\"wp-block-column is-layout-flow wp-block-column-is-layout-flow\"><div class=\"wp-block-image\">\n<figure class=\"aligncenter size-large\"><img loading=\"lazy\" decoding=\"async\" width=\"768\" height=\"1024\" src=\"https:\/\/www.perfectpower.pro\/fr\/wp-content\/uploads\/M3-E46-Hugo-Pesee3-4-P-2_13062025-768x1024.jpg\" alt=\"\" class=\"wp-image-343\" srcset=\"https:\/\/www.perfectpower.pro\/fr\/wp-content\/uploads\/M3-E46-Hugo-Pesee3-4-P-2_13062025-768x1024.jpg 768w, https:\/\/www.perfectpower.pro\/fr\/wp-content\/uploads\/M3-E46-Hugo-Pesee3-4-P-2_13062025-375x500.jpg 375w, https:\/\/www.perfectpower.pro\/fr\/wp-content\/uploads\/M3-E46-Hugo-Pesee3-4-P-2_13062025-1152x1536.jpg 1152w, https:\/\/www.perfectpower.pro\/fr\/wp-content\/uploads\/M3-E46-Hugo-Pesee3-4-P-2_13062025-1024x1365.jpg 1024w, https:\/\/www.perfectpower.pro\/fr\/wp-content\/uploads\/M3-E46-Hugo-Pesee3-4-P-2_13062025-810x1080.jpg 810w, https:\/\/www.perfectpower.pro\/fr\/wp-content\/uploads\/M3-E46-Hugo-Pesee3-4-P-2_13062025-rotated.jpg 1512w\" sizes=\"auto, (max-width: 768px) 100vw, 768px\" \/><\/figure>\n<\/div><\/div>\n<\/div>\n\n\n\n<div style=\"height:50px\" aria-hidden=\"true\" class=\"wp-block-spacer\"><\/div>\n\n\n\n<p><strong>R\u00e9sultat:<\/strong> 1525 kg avec 3\/4 du plein ==&gt; 1537 kg avec le plein (63 L)<\/p>\n\n\n\n<div style=\"height:75px\" aria-hidden=\"true\" class=\"wp-block-spacer\"><\/div>\n\n\n\n<h2 class=\"wp-block-heading has-text-align-center\">Fiche Voiture PerfectPower<\/h2>\n\n\n\n<div style=\"height:25px\" aria-hidden=\"true\" class=\"wp-block-spacer\"><\/div>\n\n\n<div class=\"wp-block-image\">\n<figure class=\"aligncenter size-large\"><img loading=\"lazy\" decoding=\"async\" width=\"492\" height=\"1024\" src=\"https:\/\/www.perfectpower.pro\/fr\/wp-content\/uploads\/M3-E46-Hugo-PPFR-FV_13062025-492x1024.jpg\" alt=\"\" class=\"wp-image-1599\" srcset=\"https:\/\/www.perfectpower.pro\/fr\/wp-content\/uploads\/M3-E46-Hugo-PPFR-FV_13062025-492x1024.jpg 492w, https:\/\/www.perfectpower.pro\/fr\/wp-content\/uploads\/M3-E46-Hugo-PPFR-FV_13062025-240x500.jpg 240w, https:\/\/www.perfectpower.pro\/fr\/wp-content\/uploads\/M3-E46-Hugo-PPFR-FV_13062025-768x1599.jpg 768w, https:\/\/www.perfectpower.pro\/fr\/wp-content\/uploads\/M3-E46-Hugo-PPFR-FV_13062025-738x1536.jpg 738w, https:\/\/www.perfectpower.pro\/fr\/wp-content\/uploads\/M3-E46-Hugo-PPFR-FV_13062025-984x2048.jpg 984w, https:\/\/www.perfectpower.pro\/fr\/wp-content\/uploads\/M3-E46-Hugo-PPFR-FV_13062025-1024x2131.jpg 1024w, https:\/\/www.perfectpower.pro\/fr\/wp-content\/uploads\/M3-E46-Hugo-PPFR-FV_13062025-519x1080.jpg 519w, https:\/\/www.perfectpower.pro\/fr\/wp-content\/uploads\/M3-E46-Hugo-PPFR-FV_13062025.jpg 1080w\" sizes=\"auto, (max-width: 492px) 100vw, 492px\" \/><\/figure>\n<\/div>\n\n\n<div style=\"height:50px\" aria-hidden=\"true\" class=\"wp-block-spacer\"><\/div>\n\n\n\n<p><strong>Note:<\/strong> La masse voiture est donn\u00e9e avec le plein (standard PerfectPower et constructeur) et la masse additionnelle avec une personne de 80 kg \u00e0 bord (standard arbitraire), mais ces deux champs doivent bien entendu \u00eatre syst\u00e9matiquement adapt\u00e9s aux conditions r\u00e9elles de mesure lors de chaque s\u00e9ance!<\/p>\n\n\n\n<div style=\"height:75px\" aria-hidden=\"true\" class=\"wp-block-spacer\"><\/div>\n\n\n\n<h2 class=\"wp-block-heading has-text-align-center\">R\u00e9sultats PerfectPower<\/h2>\n\n\n\n<div style=\"height:75px\" aria-hidden=\"true\" class=\"wp-block-spacer\"><\/div>\n\n\n\n<h2 class=\"wp-block-heading has-text-align-center\">S\u00e9ance unique &#8211; R\u00e9glage<\/h2>\n\n\n\n<div style=\"height:25px\" aria-hidden=\"true\" class=\"wp-block-spacer\"><\/div>\n\n\n\n<p><strong>Date:<\/strong> Vendredi 13 Juin 2025<\/p>\n\n\n\n<p><strong>Lieu:<\/strong> France (45)<\/p>\n\n\n\n<div style=\"height:25px\" aria-hidden=\"true\" class=\"wp-block-spacer\"><\/div>\n\n\n\n<p><strong>Logiciel:<\/strong>&nbsp;PerfectPower Andro\u00efd 7.1.3<\/p>\n\n\n\n<p><strong><strong>Mat\u00e9riel<\/strong>:<\/strong>&nbsp;Xiaomi MI 8 de David +&nbsp;<a href=\"https:\/\/www.racebox.pro\/products\/racebox-mini\" target=\"_blank\" rel=\"noreferrer noopener\">RaceBox Mini<\/a>&nbsp;25&nbsp;Hz pilot\u00e9e par PerfectPower<\/p>\n\n\n\n<div style=\"height:25px\" aria-hidden=\"true\" class=\"wp-block-spacer\"><\/div>\n\n\n\n<p><strong>Conditions de mesure:<\/strong><\/p>\n\n\n\n<ul class=\"wp-block-list\">\n<li>Mode 2 \u201cGPS only\u201d<\/li>\n\n\n\n<li>Norme DIN 70020 (r\u00e9sultats au moteur et corrig\u00e9s pour 1013 hPa et 20\u00b0 C)<\/li>\n\n\n\n<li>Calcul des pertes sur param\u00e8tres (mode standard \u00e0 PerfectPower)<\/li>\n\n\n\n<li>Avec 3 personnes \u00e0 bord (Hugo &amp; Vincent &amp; David) et avec 3\/4 du plein<\/li>\n\n\n\n<li>En 2\u00e8me de 2000 \u00e0 8200 rpm (rupteur)<\/li>\n\n\n\n<li>Avec le&nbsp;<a href=\"https:\/\/a.co\/d\/bJZkxoT\" target=\"_blank\" rel=\"noreferrer noopener\">support pare-brise magn\u00e9tique universel WIXGEAR<\/a>&nbsp;m\u00eame si cela n\u2019a pas d\u2019importance en mode 2<\/li>\n\n\n\n<li>R\u00e9sultat officiel de chaque carto test\u00e9e = Moyenne de 2 mesures r\u00e9alis\u00e9es dans les 2 sens de la route selon la stricte recommandation de PerfectPower afin d\u2019\u00e9liminer les effets de pente de route et de vent<\/li>\n<\/ul>\n\n\n\n<div style=\"height:25px\" aria-hidden=\"true\" class=\"wp-block-spacer\"><\/div>\n\n\n\n<h3 class=\"wp-block-heading has-text-align-center\">I) Carto finale (carto 5)<\/h3>\n\n\n\n<div style=\"height:25px\" aria-hidden=\"true\" class=\"wp-block-spacer\"><\/div>\n\n\n\n<p class=\"has-text-align-center\"><strong>R\u00e9sultat officiel = Moyenne des 2 mesures<\/strong><\/p>\n\n\n\n<div class=\"wp-block-columns is-layout-flex wp-container-core-columns-is-layout-9d6595d7 wp-block-columns-is-layout-flex\">\n<div class=\"wp-block-column is-layout-flow wp-block-column-is-layout-flow\"><div class=\"wp-block-image\">\n<figure class=\"aligncenter size-large\"><img loading=\"lazy\" decoding=\"async\" width=\"492\" height=\"1024\" src=\"https:\/\/www.perfectpower.pro\/fr\/wp-content\/uploads\/M3-E46-Hugo-PPFR-1-RP2OC5F_13062025-492x1024.jpg\" alt=\"\" class=\"wp-image-345\" srcset=\"https:\/\/www.perfectpower.pro\/fr\/wp-content\/uploads\/M3-E46-Hugo-PPFR-1-RP2OC5F_13062025-492x1024.jpg 492w, https:\/\/www.perfectpower.pro\/fr\/wp-content\/uploads\/M3-E46-Hugo-PPFR-1-RP2OC5F_13062025-240x500.jpg 240w, https:\/\/www.perfectpower.pro\/fr\/wp-content\/uploads\/M3-E46-Hugo-PPFR-1-RP2OC5F_13062025-768x1599.jpg 768w, https:\/\/www.perfectpower.pro\/fr\/wp-content\/uploads\/M3-E46-Hugo-PPFR-1-RP2OC5F_13062025-738x1536.jpg 738w, https:\/\/www.perfectpower.pro\/fr\/wp-content\/uploads\/M3-E46-Hugo-PPFR-1-RP2OC5F_13062025-984x2048.jpg 984w, https:\/\/www.perfectpower.pro\/fr\/wp-content\/uploads\/M3-E46-Hugo-PPFR-1-RP2OC5F_13062025-1024x2131.jpg 1024w, https:\/\/www.perfectpower.pro\/fr\/wp-content\/uploads\/M3-E46-Hugo-PPFR-1-RP2OC5F_13062025-519x1080.jpg 519w, https:\/\/www.perfectpower.pro\/fr\/wp-content\/uploads\/M3-E46-Hugo-PPFR-1-RP2OC5F_13062025.jpg 1080w\" sizes=\"auto, (max-width: 492px) 100vw, 492px\" \/><\/figure>\n<\/div><\/div>\n\n\n\n<div class=\"wp-block-column is-layout-flow wp-block-column-is-layout-flow\"><div class=\"wp-block-image\">\n<figure class=\"aligncenter size-large\"><img loading=\"lazy\" decoding=\"async\" width=\"492\" height=\"1024\" src=\"https:\/\/www.perfectpower.pro\/fr\/wp-content\/uploads\/M3-E46-Hugo-PPFR-2-GP2OC5F_13062025-492x1024.jpg\" alt=\"\" class=\"wp-image-346\" srcset=\"https:\/\/www.perfectpower.pro\/fr\/wp-content\/uploads\/M3-E46-Hugo-PPFR-2-GP2OC5F_13062025-492x1024.jpg 492w, https:\/\/www.perfectpower.pro\/fr\/wp-content\/uploads\/M3-E46-Hugo-PPFR-2-GP2OC5F_13062025-240x500.jpg 240w, https:\/\/www.perfectpower.pro\/fr\/wp-content\/uploads\/M3-E46-Hugo-PPFR-2-GP2OC5F_13062025-768x1599.jpg 768w, https:\/\/www.perfectpower.pro\/fr\/wp-content\/uploads\/M3-E46-Hugo-PPFR-2-GP2OC5F_13062025-738x1536.jpg 738w, https:\/\/www.perfectpower.pro\/fr\/wp-content\/uploads\/M3-E46-Hugo-PPFR-2-GP2OC5F_13062025-984x2048.jpg 984w, https:\/\/www.perfectpower.pro\/fr\/wp-content\/uploads\/M3-E46-Hugo-PPFR-2-GP2OC5F_13062025-1024x2131.jpg 1024w, https:\/\/www.perfectpower.pro\/fr\/wp-content\/uploads\/M3-E46-Hugo-PPFR-2-GP2OC5F_13062025-519x1080.jpg 519w, https:\/\/www.perfectpower.pro\/fr\/wp-content\/uploads\/M3-E46-Hugo-PPFR-2-GP2OC5F_13062025.jpg 1080w\" sizes=\"auto, (max-width: 492px) 100vw, 492px\" \/><\/figure>\n<\/div><\/div>\n<\/div>\n\n\n\n<div style=\"height:50px\" aria-hidden=\"true\" class=\"wp-block-spacer\"><\/div>\n\n\n\n<p><strong>Comparaison des r\u00e9sultats avec les donn\u00e9es constructeur de ce moteur (S54B32):<\/strong><\/p>\n\n\n\n<ul class=\"wp-block-list\">\n<li><em>Puissance maxi: &#8211; 2,3 ch &amp; &#8211; 0,7 %<\/em><\/li>\n\n\n\n<li><em>Couple maxi: &#8211; 9,8 Nm &amp; &#8211; 2,7 %<\/em><\/li>\n<\/ul>\n\n\n\n<div style=\"height:25px\" aria-hidden=\"true\" class=\"wp-block-spacer\"><\/div>\n\n\n\n<p><strong>Rappel:<\/strong> Le S54B32 fait partie de ces quelques moteurs qui ont \u00e9t\u00e9 homologu\u00e9s avec la politique dite du moteur &#8220;maximal&#8221;, qui consiste \u00e0 retenir pour l&#8217;homologation le moteur le plus puissant parmi tous ceux mesur\u00e9s! Cette politique \u00e9tait tr\u00e8s en vogue dans les ann\u00e9es 80-90 pour nombre de voitures sportives, mais nous pouvons noter avec amusement que la BMW M3 E46 \u00e9tant du d\u00e9but des ann\u00e9es 2000, elle a quelque peu prolong\u00e9 la tradition!<\/p>\n\n\n\n<p>Typiquement, un S54B32 standard d\u00e9livre autour de 325 ch (soit 5 % de &#8220;perte&#8221; par rapport au S54B32 de r\u00e9f\u00e9rence BMW&#8230;), et&nbsp;<strong>sur cette base, nous observons un gain de 16 ch (341 &#8211; 325) &amp; 5 %<\/strong>.<\/p>\n\n\n\n<div style=\"height:25px\" aria-hidden=\"true\" class=\"wp-block-spacer\"><\/div>\n\n\n\n<h3 class=\"wp-block-heading has-text-align-center\">II) Comparatif AVANT (carto 1) \/ APRES (carto 5 finale)<\/h3>\n\n\n\n<div style=\"height:25px\" aria-hidden=\"true\" class=\"wp-block-spacer\"><\/div>\n\n\n\n<p class=\"has-text-align-center\"><strong>R\u00e9sultats officiels AVANT (blanc) \/ APRES (rouge)<\/strong><\/p>\n\n\n\n<div class=\"wp-block-columns is-layout-flex wp-container-core-columns-is-layout-9d6595d7 wp-block-columns-is-layout-flex\">\n<div class=\"wp-block-column is-layout-flow wp-block-column-is-layout-flow\"><div class=\"wp-block-image\">\n<figure class=\"aligncenter size-large\"><img loading=\"lazy\" decoding=\"async\" width=\"492\" height=\"1024\" src=\"https:\/\/www.perfectpower.pro\/fr\/wp-content\/uploads\/M3-E46-Hugo-PPFR-3-RP2CC1-C5F_13062025-492x1024.jpg\" alt=\"\" class=\"wp-image-347\" srcset=\"https:\/\/www.perfectpower.pro\/fr\/wp-content\/uploads\/M3-E46-Hugo-PPFR-3-RP2CC1-C5F_13062025-492x1024.jpg 492w, https:\/\/www.perfectpower.pro\/fr\/wp-content\/uploads\/M3-E46-Hugo-PPFR-3-RP2CC1-C5F_13062025-240x500.jpg 240w, https:\/\/www.perfectpower.pro\/fr\/wp-content\/uploads\/M3-E46-Hugo-PPFR-3-RP2CC1-C5F_13062025-768x1599.jpg 768w, https:\/\/www.perfectpower.pro\/fr\/wp-content\/uploads\/M3-E46-Hugo-PPFR-3-RP2CC1-C5F_13062025-738x1536.jpg 738w, https:\/\/www.perfectpower.pro\/fr\/wp-content\/uploads\/M3-E46-Hugo-PPFR-3-RP2CC1-C5F_13062025-984x2048.jpg 984w, https:\/\/www.perfectpower.pro\/fr\/wp-content\/uploads\/M3-E46-Hugo-PPFR-3-RP2CC1-C5F_13062025-1024x2131.jpg 1024w, https:\/\/www.perfectpower.pro\/fr\/wp-content\/uploads\/M3-E46-Hugo-PPFR-3-RP2CC1-C5F_13062025-519x1080.jpg 519w, https:\/\/www.perfectpower.pro\/fr\/wp-content\/uploads\/M3-E46-Hugo-PPFR-3-RP2CC1-C5F_13062025.jpg 1080w\" sizes=\"auto, (max-width: 492px) 100vw, 492px\" \/><\/figure>\n<\/div><\/div>\n\n\n\n<div class=\"wp-block-column is-layout-flow wp-block-column-is-layout-flow\"><div class=\"wp-block-image\">\n<figure class=\"aligncenter size-large\"><img loading=\"lazy\" decoding=\"async\" width=\"492\" height=\"1024\" src=\"https:\/\/www.perfectpower.pro\/fr\/wp-content\/uploads\/M3-E46-Hugo-PPFR-4-GP2CC1-C5F_13062025-492x1024.jpg\" alt=\"\" class=\"wp-image-348\" srcset=\"https:\/\/www.perfectpower.pro\/fr\/wp-content\/uploads\/M3-E46-Hugo-PPFR-4-GP2CC1-C5F_13062025-492x1024.jpg 492w, https:\/\/www.perfectpower.pro\/fr\/wp-content\/uploads\/M3-E46-Hugo-PPFR-4-GP2CC1-C5F_13062025-240x500.jpg 240w, https:\/\/www.perfectpower.pro\/fr\/wp-content\/uploads\/M3-E46-Hugo-PPFR-4-GP2CC1-C5F_13062025-768x1599.jpg 768w, https:\/\/www.perfectpower.pro\/fr\/wp-content\/uploads\/M3-E46-Hugo-PPFR-4-GP2CC1-C5F_13062025-738x1536.jpg 738w, https:\/\/www.perfectpower.pro\/fr\/wp-content\/uploads\/M3-E46-Hugo-PPFR-4-GP2CC1-C5F_13062025-984x2048.jpg 984w, https:\/\/www.perfectpower.pro\/fr\/wp-content\/uploads\/M3-E46-Hugo-PPFR-4-GP2CC1-C5F_13062025-1024x2131.jpg 1024w, https:\/\/www.perfectpower.pro\/fr\/wp-content\/uploads\/M3-E46-Hugo-PPFR-4-GP2CC1-C5F_13062025-519x1080.jpg 519w, https:\/\/www.perfectpower.pro\/fr\/wp-content\/uploads\/M3-E46-Hugo-PPFR-4-GP2CC1-C5F_13062025.jpg 1080w\" sizes=\"auto, (max-width: 492px) 100vw, 492px\" \/><\/figure>\n<\/div><\/div>\n<\/div>\n\n\n\n<div style=\"height:50px\" aria-hidden=\"true\" class=\"wp-block-spacer\"><\/div>\n\n\n\n<p><strong>Calcul des gains AVANT \/ APRES (hors injection &#8211; voir note ci-dessous):<\/strong><\/p>\n\n\n\n<ul class=\"wp-block-list\">\n<li><em>Puissance maxi: + 9,5 ch &amp; + 2,9 %<\/em><\/li>\n\n\n\n<li><em>Couple maxi: + 6,5 Nm &amp; + 1,9 %<\/em><\/li>\n<\/ul>\n\n\n\n<div style=\"height:25px\" aria-hidden=\"true\" class=\"wp-block-spacer\"><\/div>\n\n\n\n<p><strong>Note:<\/strong> La carto 1 n&#8217;est pas une cartographie de d\u00e9part, c&#8217;est une cartographie d\u00e9j\u00e0 optimis\u00e9e sur les r\u00e9glages d&#8217;injection! Vincent et moi qui avons des ann\u00e9es d&#8217;exp\u00e9rience sur ces moteurs (nous en avons r\u00e9gl\u00e9 des dizaines) n&#8217;avons pas besoin de r\u00e9aliser des mesures PerfectPower pour en optimiser l&#8217;injection, nous ne les commen\u00e7ons donc qu&#8217;apr\u00e8s.<\/p>\n\n\n\n<p><\/p>\n","protected":false},"excerpt":{"rendered":"<p>Voiture Voiture: BMW M3 E46 (2000) &#8211; Hugo Moteur: 3.2 24S (L6) (S54B32) Donn\u00e9es constructeur: 343 ch @ 7900 rpm &#8211; 365 Nm @ 4900 rpm Calculateur:&nbsp;Siemens MSS 54 Cartographie (David &amp; Vincent): Optimisation des performances (r\u00e9glage optimal VANOS \u2013 Injection \u2013 Allumage) Configuration: Boite \u00e0 air Carbone-M &#8211; Silencieux &amp; Intermediaire Supersprint Carburant:&nbsp;SP 98&hellip; <br \/> <a class=\"read-more\" href=\"https:\/\/www.perfectpower.pro\/fr\/bmw-m3-e46-hugo\/\">Read more<\/a><\/p>\n","protected":false},"author":1,"featured_media":0,"parent":0,"menu_order":0,"comment_status":"closed","ping_status":"closed","template":"","meta":{"footnotes":""},"class_list":["post-267","page","type-page","status-publish","hentry"],"_links":{"self":[{"href":"https:\/\/www.perfectpower.pro\/fr\/wp-json\/wp\/v2\/pages\/267","targetHints":{"allow":["GET"]}}],"collection":[{"href":"https:\/\/www.perfectpower.pro\/fr\/wp-json\/wp\/v2\/pages"}],"about":[{"href":"https:\/\/www.perfectpower.pro\/fr\/wp-json\/wp\/v2\/types\/page"}],"author":[{"embeddable":true,"href":"https:\/\/www.perfectpower.pro\/fr\/wp-json\/wp\/v2\/users\/1"}],"replies":[{"embeddable":true,"href":"https:\/\/www.perfectpower.pro\/fr\/wp-json\/wp\/v2\/comments?post=267"}],"version-history":[{"count":20,"href":"https:\/\/www.perfectpower.pro\/fr\/wp-json\/wp\/v2\/pages\/267\/revisions"}],"predecessor-version":[{"id":1942,"href":"https:\/\/www.perfectpower.pro\/fr\/wp-json\/wp\/v2\/pages\/267\/revisions\/1942"}],"wp:attachment":[{"href":"https:\/\/www.perfectpower.pro\/fr\/wp-json\/wp\/v2\/media?parent=267"}],"curies":[{"name":"wp","href":"https:\/\/api.w.org\/{rel}","templated":true}]}}