{"id":24,"date":"2025-05-25T11:09:51","date_gmt":"2025-05-25T16:09:51","guid":{"rendered":"https:\/\/www.perfectpower.pro\/fr\/?page_id=24"},"modified":"2025-08-30T18:04:51","modified_gmt":"2025-08-30T23:04:51","slug":"contact","status":"publish","type":"page","link":"https:\/\/www.perfectpower.pro\/fr\/contact\/","title":{"rendered":"Contact"},"content":{"rendered":"\n<p><strong>IMPORTANT:<\/strong>&nbsp;PerfectPower est g\u00e9r\u00e9e en totalit\u00e9 depuis ses d\u00e9buts en 2012 par&nbsp;<strong>une seule personne<\/strong>, moi-m\u00eame <a href=\"https:\/\/www.perfectpower.pro\/fr\/tout-sur-perfectpower\/#C3\" target=\"_blank\" rel=\"noreferrer noopener\">son cr\u00e9ateur<\/a>, et je ne pourrai donc r\u00e9pondre qu&#8217;\u00e0 des demandes concernant&nbsp;<strong>exclusivement<\/strong>&nbsp;l&#8217;utilisation de PerfectPower, et&nbsp;<strong>uniquement<\/strong>&nbsp;par mail via le site ou l&#8217;application, merci de la compr\u00e9hension de tous.&nbsp;<\/p>\n\n\n\n<div style=\"height:25px\" aria-hidden=\"true\" class=\"wp-block-spacer\"><\/div>\n\n\n\n<p><strong>Mes coordonn\u00e9es<\/strong><\/p>\n\n\n\n<ul class=\"wp-block-list\">\n<li>David Mettey<\/li>\n\n\n\n<li>France (28) \/ USA (07)<\/li>\n<\/ul>\n\n\n\n<div style=\"height:25px\" aria-hidden=\"true\" class=\"wp-block-spacer\"><\/div>\n\n\n\n<p><strong>Contact par mail uniquement<\/strong><\/p>\n\n\n\n<ul class=\"wp-block-list\">\n<li>Depuis le site: Vous pouvez me joindre \u00e0&nbsp;<a href=\"mailto:perfectpower747@gmail.com\">perfectpower747@gmail.com<\/a><\/li>\n\n\n\n<li>Depuis l&#8217;application: Appuyez sur le bouton&nbsp;<strong>Contact mail<\/strong>&nbsp;situ\u00e9 tout en bas de l\u2019\u00e9cran Setup&nbsp;(accessible en appuyant sur l\u2019ic\u00f4ne Setup -la 3\u00e8me, au milieu-)<\/li>\n<\/ul>\n\n\n\n<div style=\"height:25px\" aria-hidden=\"true\" class=\"wp-block-spacer\"><\/div>\n\n\n\n<p><strong>Jours &amp; Heures de disponibilit\u00e9 permanente pour contact mail<\/strong>: Voir tableau ci-dessous<\/p>\n\n\n\n<div style=\"height:25px\" aria-hidden=\"true\" class=\"wp-block-spacer\"><\/div>\n\n\n\n<figure class=\"wp-block-table\"><table class=\"has-fixed-layout\"><tbody><tr><td class=\"has-text-align-center\" data-align=\"center\"><\/td><td class=\"has-text-align-center\" data-align=\"center\">Los Angeles<br>C\u00f4te Ouest<\/td><td class=\"has-text-align-center\" data-align=\"center\">New York<br>C\u00f4te Est<\/td><td class=\"has-text-align-center\" data-align=\"center\">Londres<br>Europe de l&#8217;ouest<\/td><td class=\"has-text-align-center\" data-align=\"center\">Paris<br>Europe centrale<\/td><td class=\"has-text-align-center\" data-align=\"center\">Kiev<br>Europe de l&#8217;est<\/td><td class=\"has-text-align-center\" data-align=\"center\">Moscou<br>Russie occidentale<\/td><\/tr><tr><td class=\"has-text-align-center\" data-align=\"center\">Lundi<\/td><td class=\"has-text-align-center\" data-align=\"center\">7h &#8211; 9h<\/td><td class=\"has-text-align-center\" data-align=\"center\">10h &#8211; 12h<\/td><td class=\"has-text-align-center\" data-align=\"center\">15h &#8211; 17h<\/td><td class=\"has-text-align-center\" data-align=\"center\">16h &#8211; 18h<\/td><td class=\"has-text-align-center\" data-align=\"center\">17h &#8211; 19h<\/td><td class=\"has-text-align-center\" data-align=\"center\">18h &#8211; 20h<\/td><\/tr><tr><td class=\"has-text-align-center\" data-align=\"center\">Mardi<\/td><td class=\"has-text-align-center\" data-align=\"center\">7h &#8211; 9h<\/td><td class=\"has-text-align-center\" data-align=\"center\">10h &#8211; 12h<\/td><td class=\"has-text-align-center\" data-align=\"center\">15h &#8211; 17h<\/td><td class=\"has-text-align-center\" data-align=\"center\">16h &#8211; 18h<\/td><td class=\"has-text-align-center\" data-align=\"center\">17h &#8211; 19h<\/td><td class=\"has-text-align-center\" data-align=\"center\">18h &#8211; 20h<\/td><\/tr><tr><td class=\"has-text-align-center\" data-align=\"center\">Mercredi<\/td><td class=\"has-text-align-center\" data-align=\"center\">7h &#8211; 9h<\/td><td class=\"has-text-align-center\" data-align=\"center\">10h &#8211; 12h<\/td><td class=\"has-text-align-center\" data-align=\"center\">15h &#8211; 17h<\/td><td class=\"has-text-align-center\" data-align=\"center\">16h &#8211; 18h<\/td><td class=\"has-text-align-center\" data-align=\"center\">17h &#8211; 19h<\/td><td class=\"has-text-align-center\" data-align=\"center\">18h &#8211; 20h<\/td><\/tr><tr><td class=\"has-text-align-center\" data-align=\"center\">Jeudi<\/td><td class=\"has-text-align-center\" data-align=\"center\">7h &#8211; 9h<\/td><td class=\"has-text-align-center\" data-align=\"center\">10h &#8211; 12h<\/td><td class=\"has-text-align-center\" data-align=\"center\">15h &#8211; 17h<\/td><td class=\"has-text-align-center\" data-align=\"center\">16h &#8211; 18h<\/td><td class=\"has-text-align-center\" data-align=\"center\">17h &#8211; 19h<\/td><td class=\"has-text-align-center\" data-align=\"center\">18h &#8211; 20h<\/td><\/tr><tr><td class=\"has-text-align-center\" data-align=\"center\">Vendredi<\/td><td class=\"has-text-align-center\" data-align=\"center\">7h &#8211; 9h<\/td><td class=\"has-text-align-center\" data-align=\"center\">10h &#8211; 12h<\/td><td class=\"has-text-align-center\" data-align=\"center\">15h &#8211; 17h<\/td><td class=\"has-text-align-center\" data-align=\"center\">16h &#8211; 18h<\/td><td class=\"has-text-align-center\" data-align=\"center\">17h &#8211; 19h<\/td><td class=\"has-text-align-center\" data-align=\"center\">18h &#8211; 20h<\/td><\/tr><tr><td class=\"has-text-align-center\" data-align=\"center\">Samedi<\/td><td class=\"has-text-align-center\" data-align=\"center\">7h &#8211; 9h<\/td><td class=\"has-text-align-center\" data-align=\"center\">10h &#8211; 12h<\/td><td class=\"has-text-align-center\" data-align=\"center\">15h &#8211; 17h<\/td><td class=\"has-text-align-center\" data-align=\"center\">16h &#8211; 18h<\/td><td class=\"has-text-align-center\" data-align=\"center\">17h &#8211; 19h<\/td><td class=\"has-text-align-center\" data-align=\"center\">18h &#8211; 20h<\/td><\/tr><tr><td class=\"has-text-align-center\" data-align=\"center\">Dimanche<\/td><td class=\"has-text-align-center\" data-align=\"center\"><\/td><td class=\"has-text-align-center\" data-align=\"center\"><\/td><td class=\"has-text-align-center\" data-align=\"center\"><\/td><td class=\"has-text-align-center\" data-align=\"center\"><\/td><td class=\"has-text-align-center\" data-align=\"center\"><\/td><td class=\"has-text-align-center\" data-align=\"center\"><\/td><\/tr><\/tbody><\/table><\/figure>\n\n\n\n<div style=\"height:25px\" aria-hidden=\"true\" class=\"wp-block-spacer\"><\/div>\n\n\n\n<p><\/p>\n","protected":false},"excerpt":{"rendered":"<p>IMPORTANT:&nbsp;PerfectPower est g\u00e9r\u00e9e en totalit\u00e9 depuis ses d\u00e9buts en 2012 par&nbsp;une seule personne, moi-m\u00eame son cr\u00e9ateur, et je ne pourrai donc r\u00e9pondre qu&#8217;\u00e0 des demandes concernant&nbsp;exclusivement&nbsp;l&#8217;utilisation de PerfectPower, et&nbsp;uniquement&nbsp;par mail via le site ou l&#8217;application, merci de la compr\u00e9hension de tous.&nbsp; Mes coordonn\u00e9es Contact par mail uniquement Jours &amp; Heures de disponibilit\u00e9 permanente pour contact&hellip; <br \/> <a class=\"read-more\" href=\"https:\/\/www.perfectpower.pro\/fr\/contact\/\">Read more<\/a><\/p>\n","protected":false},"author":1,"featured_media":0,"parent":0,"menu_order":0,"comment_status":"closed","ping_status":"closed","template":"","meta":{"footnotes":""},"class_list":["post-24","page","type-page","status-publish","hentry"],"_links":{"self":[{"href":"https:\/\/www.perfectpower.pro\/fr\/wp-json\/wp\/v2\/pages\/24","targetHints":{"allow":["GET"]}}],"collection":[{"href":"https:\/\/www.perfectpower.pro\/fr\/wp-json\/wp\/v2\/pages"}],"about":[{"href":"https:\/\/www.perfectpower.pro\/fr\/wp-json\/wp\/v2\/types\/page"}],"author":[{"embeddable":true,"href":"https:\/\/www.perfectpower.pro\/fr\/wp-json\/wp\/v2\/users\/1"}],"replies":[{"embeddable":true,"href":"https:\/\/www.perfectpower.pro\/fr\/wp-json\/wp\/v2\/comments?post=24"}],"version-history":[{"count":8,"href":"https:\/\/www.perfectpower.pro\/fr\/wp-json\/wp\/v2\/pages\/24\/revisions"}],"predecessor-version":[{"id":1216,"href":"https:\/\/www.perfectpower.pro\/fr\/wp-json\/wp\/v2\/pages\/24\/revisions\/1216"}],"wp:attachment":[{"href":"https:\/\/www.perfectpower.pro\/fr\/wp-json\/wp\/v2\/media?parent=24"}],"curies":[{"name":"wp","href":"https:\/\/api.w.org\/{rel}","templated":true}]}}