{"id":20,"date":"2025-05-25T11:08:36","date_gmt":"2025-05-25T16:08:36","guid":{"rendered":"https:\/\/www.perfectpower.pro\/fr\/?page_id=20"},"modified":"2026-04-24T19:27:14","modified_gmt":"2026-04-25T00:27:14","slug":"articles","status":"publish","type":"page","link":"https:\/\/www.perfectpower.pro\/fr\/articles\/","title":{"rendered":"Un jour \u00e0 New York"},"content":{"rendered":"\n<p>Si vous avez lu la rubrique\u00a0<a href=\"https:\/\/www.perfectpower.pro\/fr\/tout-sur-perfectpower\/\" target=\"_blank\" rel=\"noreferrer noopener\">Tout sur PerfectPower<\/a>,\u00a0vous devez avoir not\u00e9 que PerfectPower poss\u00e8de la particularit\u00e9 d&#8217;avoir\u00a0<strong>un seul et unique cr\u00e9ateur<\/strong>, moi-m\u00eame qui ai cr\u00e9e et g\u00e8re ce site&#8230;\u00a0et \u00e9tant un amoureux de cette magnifique ville de New York dans laquelle je vis 50% du temps depuis Novembre 2021 et que j&#8217;ai sillonn\u00e9 pour le plaisir des milliers d&#8217;heures depuis mon premier s\u00e9jour ici en Juillet 1999, <strong>j&#8217;ai choisi de vous pr\u00e9senter en quelques photos des moments fugitifs d&#8217;une journ\u00e9e prise tout \u00e0 fait au hasard parmi mes nombreuses journ\u00e9es de balades dans cette ville incroyablement envo\u00fbtante!<\/strong><\/p>\n\n\n\n<p>Bien s\u00fbr, \u00e7a n&#8217;a rien \u00e0 voir avec PerfectPower (d&#8217;ailleurs si un peu en fait comme vous allez le voir, mais c&#8217;est un pur hasard!), mais d&#8217;une part c&#8217;est pour cela que nous sommes en rubrique Divers, et d&#8217;autre part je me dis qu&#8217;il existe certainement des personnes comme moi passionn\u00e9es \u00e0 la fois de cette ville et de voitures sportives et de mesures de puissance et de performances que \u00e7a vaut la peine de leur faire partager ces imoments fugitifs, et si je peux m\u00eame parvenir en quelques photos \u00e0 donner le go\u00fbt de cette ville \u00e0 ceux qui n&#8217;en auraient pas encore per\u00e7u le charme fou (car bien \u00e9videmment tout le monde connait d\u00e9j\u00e0 l&#8217;apparence de cette ville -enfin Manhattan surtout- gr\u00e2ce au cin\u00e9ma et \u00e0 la t\u00e9l\u00e9vision!), alors j&#8217;en serais vraiment tr\u00e8s heureux!<\/p>\n\n\n\n<p>A ce sujet et pour ceux que \u00e7a pourrait int\u00e9resser, je cr\u00e9erai tr\u00e8s bient\u00f4t un autre site sp\u00e9cialis\u00e9 voyages sur lequel je publierai bien d&#8217;autres photos de cette ville magique (qui est tr\u00e8s loin de se r\u00e9sumer \u00e0 &#8220;seulement&#8221; Manhattan croyez moi!), mais aussi d&#8217;autres villes g\u00e9niales de tout le Nord-Est des USA dans lesquelles j&#8217;ai \u00e9galement s\u00e9journ\u00e9 (comme Pittsburgh, un v\u00e9ritable coup de coeur \u00e9galement!), et de nombreux autres voyages que j&#8217;ai fait dans le monde, mais&nbsp;<strong>je le dis franchement, il n&#8217;existe pas de ville plus fascinante que New York, c&#8217;est comme \u00e7a, et Robert de Niro l&#8217;avait \u00e9galement dit \u00e0 sa fa\u00e7on!&nbsp;<\/strong><\/p>\n\n\n\n<p>Revenons \u00e0 ce fameux jour \u00e0 New York, il s&#8217;agit du&nbsp;<strong>Mardi 7 Mars 2023<\/strong>, et l&#8217;objectif du jour \u00e9tait une ballade \u00e0 Brooklyn Nord dans le quartier du parc McCarren avec pour se mettre en jambes une petite s\u00e9ance de sport sur la piste d&#8217;athl\u00e9tisme du parc avec contr\u00f4le des performances \u00e0 PerfectPower! Pour information, Brooklyn est le plus peupl\u00e9 des 5 districts qui composent New York avec 2,6 millions d&#8217;habitants (d\u00e9j\u00e0 plus que&#8230; Paris!) et le deuxi\u00e8me plus grand (derri\u00e8re le Queens) avec 183 km2 (plus du double de Paris!), mais c&#8217;est surtout un district avec une histoire et une identiti\u00e9 tr\u00e8s marqu\u00e9es (et un accent particulier aussi!) dont sont fiers ses habitants! Et pour l&#8217;anecdote le district o\u00f9 l&#8217;on voit le plus de voitures Europ\u00e9ennes!&nbsp;<\/p>\n\n\n\n<div style=\"height:25px\" aria-hidden=\"true\" class=\"wp-block-spacer\"><\/div>\n\n\n\n<div class=\"wp-block-columns is-layout-flex wp-container-core-columns-is-layout-9d6595d7 wp-block-columns-is-layout-flex\">\n<div class=\"wp-block-column is-layout-flow wp-block-column-is-layout-flow\"><div class=\"wp-block-image\">\n<figure class=\"aligncenter size-large\"><img loading=\"lazy\" decoding=\"async\" width=\"576\" height=\"1024\" src=\"https:\/\/www.perfectpower.pro\/fr\/wp-content\/uploads\/IMG_20230307_162527-576x1024.jpg\" alt=\"\" class=\"wp-image-2503\" srcset=\"https:\/\/www.perfectpower.pro\/fr\/wp-content\/uploads\/IMG_20230307_162527-576x1024.jpg 576w, https:\/\/www.perfectpower.pro\/fr\/wp-content\/uploads\/IMG_20230307_162527-281x500.jpg 281w, https:\/\/www.perfectpower.pro\/fr\/wp-content\/uploads\/IMG_20230307_162527-768x1365.jpg 768w, https:\/\/www.perfectpower.pro\/fr\/wp-content\/uploads\/IMG_20230307_162527-864x1536.jpg 864w, https:\/\/www.perfectpower.pro\/fr\/wp-content\/uploads\/IMG_20230307_162527-1152x2048.jpg 1152w, https:\/\/www.perfectpower.pro\/fr\/wp-content\/uploads\/IMG_20230307_162527-1024x1820.jpg 1024w, https:\/\/www.perfectpower.pro\/fr\/wp-content\/uploads\/IMG_20230307_162527-608x1080.jpg 608w, https:\/\/www.perfectpower.pro\/fr\/wp-content\/uploads\/IMG_20230307_162527-scaled.jpg 1440w\" sizes=\"auto, (max-width: 576px) 100vw, 576px\" \/><\/figure>\n<\/div><\/div>\n\n\n\n<div class=\"wp-block-column is-layout-flow wp-block-column-is-layout-flow\"><div class=\"wp-block-image\">\n<figure class=\"aligncenter size-large\"><img loading=\"lazy\" decoding=\"async\" width=\"576\" height=\"1024\" src=\"https:\/\/www.perfectpower.pro\/fr\/wp-content\/uploads\/IMG_20230307_162535_1-576x1024.jpg\" alt=\"\" class=\"wp-image-2504\" srcset=\"https:\/\/www.perfectpower.pro\/fr\/wp-content\/uploads\/IMG_20230307_162535_1-576x1024.jpg 576w, https:\/\/www.perfectpower.pro\/fr\/wp-content\/uploads\/IMG_20230307_162535_1-281x500.jpg 281w, https:\/\/www.perfectpower.pro\/fr\/wp-content\/uploads\/IMG_20230307_162535_1-768x1365.jpg 768w, https:\/\/www.perfectpower.pro\/fr\/wp-content\/uploads\/IMG_20230307_162535_1-864x1536.jpg 864w, https:\/\/www.perfectpower.pro\/fr\/wp-content\/uploads\/IMG_20230307_162535_1-1152x2048.jpg 1152w, https:\/\/www.perfectpower.pro\/fr\/wp-content\/uploads\/IMG_20230307_162535_1-1024x1820.jpg 1024w, https:\/\/www.perfectpower.pro\/fr\/wp-content\/uploads\/IMG_20230307_162535_1-608x1080.jpg 608w, https:\/\/www.perfectpower.pro\/fr\/wp-content\/uploads\/IMG_20230307_162535_1-scaled.jpg 1440w\" sizes=\"auto, (max-width: 576px) 100vw, 576px\" \/><\/figure>\n<\/div><\/div>\n<\/div>\n\n\n\n<p class=\"has-text-align-center\"><em>La piste d&#8217;athl\u00e9tisme du parc McCarren, avec en fond le sublime Empire State Building!\u00a0<\/em><\/p>\n\n\n\n<div style=\"height:25px\" aria-hidden=\"true\" class=\"wp-block-spacer\"><\/div>\n\n\n<div class=\"wp-block-image\">\n<figure class=\"aligncenter size-large\"><img loading=\"lazy\" decoding=\"async\" width=\"492\" height=\"1024\" src=\"https:\/\/www.perfectpower.pro\/fr\/wp-content\/uploads\/IMG_20230307_153245-492x1024.jpg\" alt=\"\" class=\"wp-image-2502\" srcset=\"https:\/\/www.perfectpower.pro\/fr\/wp-content\/uploads\/IMG_20230307_153245-492x1024.jpg 492w, https:\/\/www.perfectpower.pro\/fr\/wp-content\/uploads\/IMG_20230307_153245-240x500.jpg 240w, https:\/\/www.perfectpower.pro\/fr\/wp-content\/uploads\/IMG_20230307_153245-768x1599.jpg 768w, https:\/\/www.perfectpower.pro\/fr\/wp-content\/uploads\/IMG_20230307_153245-738x1536.jpg 738w, https:\/\/www.perfectpower.pro\/fr\/wp-content\/uploads\/IMG_20230307_153245-984x2048.jpg 984w, https:\/\/www.perfectpower.pro\/fr\/wp-content\/uploads\/IMG_20230307_153245-1024x2131.jpg 1024w, https:\/\/www.perfectpower.pro\/fr\/wp-content\/uploads\/IMG_20230307_153245-519x1080.jpg 519w, https:\/\/www.perfectpower.pro\/fr\/wp-content\/uploads\/IMG_20230307_153245.jpg 1080w\" sizes=\"auto, (max-width: 492px) 100vw, 492px\" \/><\/figure>\n<\/div>\n\n\n<p class=\"has-text-align-center\"><em>5 tours de piste couloir ext\u00e9rieur en marche rapide contr\u00f4l\u00e9e par PerfectPower \u00e0 6,4 km\/h!<\/em><\/p>\n\n\n\n<div style=\"height:25px\" aria-hidden=\"true\" class=\"wp-block-spacer\"><\/div>\n\n\n<div class=\"wp-block-image\">\n<figure class=\"aligncenter size-large\"><img loading=\"lazy\" decoding=\"async\" width=\"1024\" height=\"576\" src=\"https:\/\/www.perfectpower.pro\/fr\/wp-content\/uploads\/IMG_20230307_163747-1024x576.jpg\" alt=\"\" class=\"wp-image-2505\" srcset=\"https:\/\/www.perfectpower.pro\/fr\/wp-content\/uploads\/IMG_20230307_163747-1024x576.jpg 1024w, https:\/\/www.perfectpower.pro\/fr\/wp-content\/uploads\/IMG_20230307_163747-500x281.jpg 500w, https:\/\/www.perfectpower.pro\/fr\/wp-content\/uploads\/IMG_20230307_163747-768x432.jpg 768w, https:\/\/www.perfectpower.pro\/fr\/wp-content\/uploads\/IMG_20230307_163747-1536x864.jpg 1536w, https:\/\/www.perfectpower.pro\/fr\/wp-content\/uploads\/IMG_20230307_163747-2048x1152.jpg 2048w, https:\/\/www.perfectpower.pro\/fr\/wp-content\/uploads\/IMG_20230307_163747-1920x1080.jpg 1920w\" sizes=\"auto, (max-width: 1024px) 100vw, 1024px\" \/><\/figure>\n<\/div>\n\n\n<p class=\"has-text-align-center\"><em>Rien \u00e0 ajouter!<\/em><\/p>\n\n\n\n<div style=\"height:25px\" aria-hidden=\"true\" class=\"wp-block-spacer\"><\/div>\n\n\n<div class=\"wp-block-image\">\n<figure class=\"aligncenter size-large\"><img loading=\"lazy\" decoding=\"async\" width=\"576\" height=\"1024\" src=\"https:\/\/www.perfectpower.pro\/fr\/wp-content\/uploads\/IMG_20230307_164459_1-576x1024.jpg\" alt=\"\" class=\"wp-image-2506\" srcset=\"https:\/\/www.perfectpower.pro\/fr\/wp-content\/uploads\/IMG_20230307_164459_1-576x1024.jpg 576w, https:\/\/www.perfectpower.pro\/fr\/wp-content\/uploads\/IMG_20230307_164459_1-281x500.jpg 281w, https:\/\/www.perfectpower.pro\/fr\/wp-content\/uploads\/IMG_20230307_164459_1-768x1365.jpg 768w, https:\/\/www.perfectpower.pro\/fr\/wp-content\/uploads\/IMG_20230307_164459_1-864x1536.jpg 864w, https:\/\/www.perfectpower.pro\/fr\/wp-content\/uploads\/IMG_20230307_164459_1-1152x2048.jpg 1152w, https:\/\/www.perfectpower.pro\/fr\/wp-content\/uploads\/IMG_20230307_164459_1-1024x1820.jpg 1024w, https:\/\/www.perfectpower.pro\/fr\/wp-content\/uploads\/IMG_20230307_164459_1-608x1080.jpg 608w, https:\/\/www.perfectpower.pro\/fr\/wp-content\/uploads\/IMG_20230307_164459_1-scaled.jpg 1440w\" sizes=\"auto, (max-width: 576px) 100vw, 576px\" \/><\/figure>\n<\/div>\n\n\n<p class=\"has-text-align-center\"><em>Toujours ce sublime Empire State Building et ses 443 m de hauteur!<\/em><\/p>\n\n\n\n<div style=\"height:25px\" aria-hidden=\"true\" class=\"wp-block-spacer\"><\/div>\n\n\n\n<div class=\"wp-block-columns is-layout-flex wp-container-core-columns-is-layout-9d6595d7 wp-block-columns-is-layout-flex\">\n<div class=\"wp-block-column is-layout-flow wp-block-column-is-layout-flow\"><div class=\"wp-block-image\">\n<figure class=\"aligncenter size-large\"><img loading=\"lazy\" decoding=\"async\" width=\"576\" height=\"1024\" src=\"https:\/\/www.perfectpower.pro\/fr\/wp-content\/uploads\/IMG_20230307_164751_1-576x1024.jpg\" alt=\"\" class=\"wp-image-2507\" srcset=\"https:\/\/www.perfectpower.pro\/fr\/wp-content\/uploads\/IMG_20230307_164751_1-576x1024.jpg 576w, https:\/\/www.perfectpower.pro\/fr\/wp-content\/uploads\/IMG_20230307_164751_1-281x500.jpg 281w, https:\/\/www.perfectpower.pro\/fr\/wp-content\/uploads\/IMG_20230307_164751_1-768x1365.jpg 768w, https:\/\/www.perfectpower.pro\/fr\/wp-content\/uploads\/IMG_20230307_164751_1-864x1536.jpg 864w, https:\/\/www.perfectpower.pro\/fr\/wp-content\/uploads\/IMG_20230307_164751_1-1152x2048.jpg 1152w, https:\/\/www.perfectpower.pro\/fr\/wp-content\/uploads\/IMG_20230307_164751_1-1024x1820.jpg 1024w, https:\/\/www.perfectpower.pro\/fr\/wp-content\/uploads\/IMG_20230307_164751_1-608x1080.jpg 608w, https:\/\/www.perfectpower.pro\/fr\/wp-content\/uploads\/IMG_20230307_164751_1-scaled.jpg 1440w\" sizes=\"auto, (max-width: 576px) 100vw, 576px\" \/><\/figure>\n<\/div><\/div>\n\n\n\n<div class=\"wp-block-column is-layout-flow wp-block-column-is-layout-flow\"><div class=\"wp-block-image\">\n<figure class=\"aligncenter size-large\"><img loading=\"lazy\" decoding=\"async\" width=\"576\" height=\"1024\" src=\"https:\/\/www.perfectpower.pro\/fr\/wp-content\/uploads\/IMG_20230307_164802-576x1024.jpg\" alt=\"\" class=\"wp-image-2508\" srcset=\"https:\/\/www.perfectpower.pro\/fr\/wp-content\/uploads\/IMG_20230307_164802-576x1024.jpg 576w, https:\/\/www.perfectpower.pro\/fr\/wp-content\/uploads\/IMG_20230307_164802-281x500.jpg 281w, https:\/\/www.perfectpower.pro\/fr\/wp-content\/uploads\/IMG_20230307_164802-768x1365.jpg 768w, https:\/\/www.perfectpower.pro\/fr\/wp-content\/uploads\/IMG_20230307_164802-864x1536.jpg 864w, https:\/\/www.perfectpower.pro\/fr\/wp-content\/uploads\/IMG_20230307_164802-1152x2048.jpg 1152w, https:\/\/www.perfectpower.pro\/fr\/wp-content\/uploads\/IMG_20230307_164802-1024x1820.jpg 1024w, https:\/\/www.perfectpower.pro\/fr\/wp-content\/uploads\/IMG_20230307_164802-608x1080.jpg 608w, https:\/\/www.perfectpower.pro\/fr\/wp-content\/uploads\/IMG_20230307_164802-scaled.jpg 1440w\" sizes=\"auto, (max-width: 576px) 100vw, 576px\" \/><\/figure>\n<\/div><\/div>\n<\/div>\n\n\n\n<p class=\"has-text-align-center\"><em>Un peu de publicit\u00e9 originale&#8230;<\/em><\/p>\n\n\n\n<div style=\"height:25px\" aria-hidden=\"true\" class=\"wp-block-spacer\"><\/div>\n\n\n<div class=\"wp-block-image\">\n<figure class=\"aligncenter size-large\"><img loading=\"lazy\" decoding=\"async\" width=\"576\" height=\"1024\" src=\"https:\/\/www.perfectpower.pro\/fr\/wp-content\/uploads\/IMG_20230307_164920-576x1024.jpg\" alt=\"\" class=\"wp-image-2509\" srcset=\"https:\/\/www.perfectpower.pro\/fr\/wp-content\/uploads\/IMG_20230307_164920-576x1024.jpg 576w, https:\/\/www.perfectpower.pro\/fr\/wp-content\/uploads\/IMG_20230307_164920-281x500.jpg 281w, https:\/\/www.perfectpower.pro\/fr\/wp-content\/uploads\/IMG_20230307_164920-768x1365.jpg 768w, https:\/\/www.perfectpower.pro\/fr\/wp-content\/uploads\/IMG_20230307_164920-864x1536.jpg 864w, https:\/\/www.perfectpower.pro\/fr\/wp-content\/uploads\/IMG_20230307_164920-1152x2048.jpg 1152w, https:\/\/www.perfectpower.pro\/fr\/wp-content\/uploads\/IMG_20230307_164920-1024x1820.jpg 1024w, https:\/\/www.perfectpower.pro\/fr\/wp-content\/uploads\/IMG_20230307_164920-608x1080.jpg 608w, https:\/\/www.perfectpower.pro\/fr\/wp-content\/uploads\/IMG_20230307_164920-scaled.jpg 1440w\" sizes=\"auto, (max-width: 576px) 100vw, 576px\" \/><\/figure>\n<\/div>\n\n\n<p class=\"has-text-align-center\"><em>Ambiance des Cara\u00efbes!<\/em><\/p>\n\n\n\n<div style=\"height:25px\" aria-hidden=\"true\" class=\"wp-block-spacer\"><\/div>\n\n\n\n<div class=\"wp-block-columns is-layout-flex wp-container-core-columns-is-layout-9d6595d7 wp-block-columns-is-layout-flex\">\n<div class=\"wp-block-column is-layout-flow wp-block-column-is-layout-flow\"><div class=\"wp-block-image\">\n<figure class=\"aligncenter size-large\"><img loading=\"lazy\" decoding=\"async\" width=\"576\" height=\"1024\" src=\"https:\/\/www.perfectpower.pro\/fr\/wp-content\/uploads\/IMG_20230307_165338-576x1024.jpg\" alt=\"\" class=\"wp-image-2510\" srcset=\"https:\/\/www.perfectpower.pro\/fr\/wp-content\/uploads\/IMG_20230307_165338-576x1024.jpg 576w, https:\/\/www.perfectpower.pro\/fr\/wp-content\/uploads\/IMG_20230307_165338-281x500.jpg 281w, https:\/\/www.perfectpower.pro\/fr\/wp-content\/uploads\/IMG_20230307_165338-768x1365.jpg 768w, https:\/\/www.perfectpower.pro\/fr\/wp-content\/uploads\/IMG_20230307_165338-864x1536.jpg 864w, https:\/\/www.perfectpower.pro\/fr\/wp-content\/uploads\/IMG_20230307_165338-1152x2048.jpg 1152w, https:\/\/www.perfectpower.pro\/fr\/wp-content\/uploads\/IMG_20230307_165338-1024x1820.jpg 1024w, https:\/\/www.perfectpower.pro\/fr\/wp-content\/uploads\/IMG_20230307_165338-608x1080.jpg 608w, https:\/\/www.perfectpower.pro\/fr\/wp-content\/uploads\/IMG_20230307_165338-scaled.jpg 1440w\" sizes=\"auto, (max-width: 576px) 100vw, 576px\" \/><\/figure>\n<\/div><\/div>\n\n\n\n<div class=\"wp-block-column is-layout-flow wp-block-column-is-layout-flow\"><div class=\"wp-block-image\">\n<figure class=\"aligncenter size-large\"><img loading=\"lazy\" decoding=\"async\" width=\"576\" height=\"1024\" src=\"https:\/\/www.perfectpower.pro\/fr\/wp-content\/uploads\/IMG_20230307_165622_1-576x1024.jpg\" alt=\"\" class=\"wp-image-2511\" srcset=\"https:\/\/www.perfectpower.pro\/fr\/wp-content\/uploads\/IMG_20230307_165622_1-576x1024.jpg 576w, https:\/\/www.perfectpower.pro\/fr\/wp-content\/uploads\/IMG_20230307_165622_1-281x500.jpg 281w, https:\/\/www.perfectpower.pro\/fr\/wp-content\/uploads\/IMG_20230307_165622_1-768x1365.jpg 768w, https:\/\/www.perfectpower.pro\/fr\/wp-content\/uploads\/IMG_20230307_165622_1-864x1536.jpg 864w, https:\/\/www.perfectpower.pro\/fr\/wp-content\/uploads\/IMG_20230307_165622_1-1152x2048.jpg 1152w, https:\/\/www.perfectpower.pro\/fr\/wp-content\/uploads\/IMG_20230307_165622_1-1024x1820.jpg 1024w, https:\/\/www.perfectpower.pro\/fr\/wp-content\/uploads\/IMG_20230307_165622_1-608x1080.jpg 608w, https:\/\/www.perfectpower.pro\/fr\/wp-content\/uploads\/IMG_20230307_165622_1-scaled.jpg 1440w\" sizes=\"auto, (max-width: 576px) 100vw, 576px\" \/><\/figure>\n<\/div><\/div>\n<\/div>\n\n\n\n<p class=\"has-text-align-center\"><em>L&#8217;East River qui nous s\u00e9pare de Manhattan, et en face le l\u00e9gendaire Empire State Building&#8230;<\/em><\/p>\n\n\n\n<p class=\"has-text-align-center\"><em>vu depuis un des endroits de New York o\u00f9 il se distingue le mieux des autres buildings environnants!<\/em><\/p>\n\n\n\n<div style=\"height:25px\" aria-hidden=\"true\" class=\"wp-block-spacer\"><\/div>\n\n\n\n<div class=\"wp-block-columns is-layout-flex wp-container-core-columns-is-layout-9d6595d7 wp-block-columns-is-layout-flex\">\n<div class=\"wp-block-column is-layout-flow wp-block-column-is-layout-flow\"><div class=\"wp-block-image\">\n<figure class=\"aligncenter size-large\"><img loading=\"lazy\" decoding=\"async\" width=\"576\" height=\"1024\" src=\"https:\/\/www.perfectpower.pro\/fr\/wp-content\/uploads\/IMG_20230307_171349-576x1024.jpg\" alt=\"\" class=\"wp-image-2512\" srcset=\"https:\/\/www.perfectpower.pro\/fr\/wp-content\/uploads\/IMG_20230307_171349-576x1024.jpg 576w, https:\/\/www.perfectpower.pro\/fr\/wp-content\/uploads\/IMG_20230307_171349-281x500.jpg 281w, https:\/\/www.perfectpower.pro\/fr\/wp-content\/uploads\/IMG_20230307_171349-768x1365.jpg 768w, https:\/\/www.perfectpower.pro\/fr\/wp-content\/uploads\/IMG_20230307_171349-864x1536.jpg 864w, https:\/\/www.perfectpower.pro\/fr\/wp-content\/uploads\/IMG_20230307_171349-1152x2048.jpg 1152w, https:\/\/www.perfectpower.pro\/fr\/wp-content\/uploads\/IMG_20230307_171349-1024x1820.jpg 1024w, https:\/\/www.perfectpower.pro\/fr\/wp-content\/uploads\/IMG_20230307_171349-608x1080.jpg 608w, https:\/\/www.perfectpower.pro\/fr\/wp-content\/uploads\/IMG_20230307_171349-scaled.jpg 1440w\" sizes=\"auto, (max-width: 576px) 100vw, 576px\" \/><\/figure>\n<\/div><\/div>\n\n\n\n<div class=\"wp-block-column is-layout-flow wp-block-column-is-layout-flow\"><div class=\"wp-block-image\">\n<figure class=\"aligncenter size-large\"><img loading=\"lazy\" decoding=\"async\" width=\"576\" height=\"1024\" src=\"https:\/\/www.perfectpower.pro\/fr\/wp-content\/uploads\/IMG_20230307_171355_1-576x1024.jpg\" alt=\"\" class=\"wp-image-2513\" srcset=\"https:\/\/www.perfectpower.pro\/fr\/wp-content\/uploads\/IMG_20230307_171355_1-576x1024.jpg 576w, https:\/\/www.perfectpower.pro\/fr\/wp-content\/uploads\/IMG_20230307_171355_1-281x500.jpg 281w, https:\/\/www.perfectpower.pro\/fr\/wp-content\/uploads\/IMG_20230307_171355_1-768x1365.jpg 768w, https:\/\/www.perfectpower.pro\/fr\/wp-content\/uploads\/IMG_20230307_171355_1-864x1536.jpg 864w, https:\/\/www.perfectpower.pro\/fr\/wp-content\/uploads\/IMG_20230307_171355_1-1152x2048.jpg 1152w, https:\/\/www.perfectpower.pro\/fr\/wp-content\/uploads\/IMG_20230307_171355_1-1024x1820.jpg 1024w, https:\/\/www.perfectpower.pro\/fr\/wp-content\/uploads\/IMG_20230307_171355_1-608x1080.jpg 608w, https:\/\/www.perfectpower.pro\/fr\/wp-content\/uploads\/IMG_20230307_171355_1-scaled.jpg 1440w\" sizes=\"auto, (max-width: 576px) 100vw, 576px\" \/><\/figure>\n<\/div><\/div>\n<\/div>\n\n\n\n<p class=\"has-text-align-center\"><em>Une fois de plus, rien \u00e0 ajouter&#8230;<\/em><\/p>\n\n\n\n<div style=\"height:25px\" aria-hidden=\"true\" class=\"wp-block-spacer\"><\/div>\n\n\n\n<div class=\"wp-block-columns is-layout-flex wp-container-core-columns-is-layout-9d6595d7 wp-block-columns-is-layout-flex\">\n<div class=\"wp-block-column is-layout-flow wp-block-column-is-layout-flow\"><div class=\"wp-block-image\">\n<figure class=\"aligncenter size-large\"><img loading=\"lazy\" decoding=\"async\" width=\"576\" height=\"1024\" src=\"https:\/\/www.perfectpower.pro\/fr\/wp-content\/uploads\/IMG_20230307_171405_1-576x1024.jpg\" alt=\"\" class=\"wp-image-2514\" srcset=\"https:\/\/www.perfectpower.pro\/fr\/wp-content\/uploads\/IMG_20230307_171405_1-576x1024.jpg 576w, https:\/\/www.perfectpower.pro\/fr\/wp-content\/uploads\/IMG_20230307_171405_1-281x500.jpg 281w, https:\/\/www.perfectpower.pro\/fr\/wp-content\/uploads\/IMG_20230307_171405_1-768x1365.jpg 768w, https:\/\/www.perfectpower.pro\/fr\/wp-content\/uploads\/IMG_20230307_171405_1-864x1536.jpg 864w, https:\/\/www.perfectpower.pro\/fr\/wp-content\/uploads\/IMG_20230307_171405_1-1152x2048.jpg 1152w, https:\/\/www.perfectpower.pro\/fr\/wp-content\/uploads\/IMG_20230307_171405_1-1024x1820.jpg 1024w, https:\/\/www.perfectpower.pro\/fr\/wp-content\/uploads\/IMG_20230307_171405_1-608x1080.jpg 608w, https:\/\/www.perfectpower.pro\/fr\/wp-content\/uploads\/IMG_20230307_171405_1-scaled.jpg 1440w\" sizes=\"auto, (max-width: 576px) 100vw, 576px\" \/><\/figure>\n<\/div><\/div>\n\n\n\n<div class=\"wp-block-column is-layout-flow wp-block-column-is-layout-flow\"><div class=\"wp-block-image\">\n<figure class=\"aligncenter size-large\"><img loading=\"lazy\" decoding=\"async\" width=\"576\" height=\"1024\" src=\"https:\/\/www.perfectpower.pro\/fr\/wp-content\/uploads\/IMG_20230307_171502-576x1024.jpg\" alt=\"\" class=\"wp-image-2515\" srcset=\"https:\/\/www.perfectpower.pro\/fr\/wp-content\/uploads\/IMG_20230307_171502-576x1024.jpg 576w, https:\/\/www.perfectpower.pro\/fr\/wp-content\/uploads\/IMG_20230307_171502-281x500.jpg 281w, https:\/\/www.perfectpower.pro\/fr\/wp-content\/uploads\/IMG_20230307_171502-768x1365.jpg 768w, https:\/\/www.perfectpower.pro\/fr\/wp-content\/uploads\/IMG_20230307_171502-864x1536.jpg 864w, https:\/\/www.perfectpower.pro\/fr\/wp-content\/uploads\/IMG_20230307_171502-1152x2048.jpg 1152w, https:\/\/www.perfectpower.pro\/fr\/wp-content\/uploads\/IMG_20230307_171502-1024x1820.jpg 1024w, https:\/\/www.perfectpower.pro\/fr\/wp-content\/uploads\/IMG_20230307_171502-608x1080.jpg 608w, https:\/\/www.perfectpower.pro\/fr\/wp-content\/uploads\/IMG_20230307_171502-scaled.jpg 1440w\" sizes=\"auto, (max-width: 576px) 100vw, 576px\" \/><\/figure>\n<\/div><\/div>\n<\/div>\n\n\n\n<p class=\"has-text-align-center\"><em>Au coeur de Brooklyn Nord!<\/em><\/p>\n\n\n\n<div style=\"height:25px\" aria-hidden=\"true\" class=\"wp-block-spacer\"><\/div>\n\n\n\n<p class=\"has-text-align-center\"><strong>Bonus<\/strong><\/p>\n\n\n\n<p class=\"has-text-align-center\"><strong>Panorama sur Manhattan vue depuis l&#8217;autre c\u00f4t\u00e9 (ouest) le Samedi 11 Mars 2023 au soir<\/strong><\/p>\n\n\n\n<div style=\"height:25px\" aria-hidden=\"true\" class=\"wp-block-spacer\"><\/div>\n\n\n<div class=\"wp-block-image\">\n<figure class=\"aligncenter size-large\"><img loading=\"lazy\" decoding=\"async\" width=\"1024\" height=\"576\" src=\"https:\/\/www.perfectpower.pro\/fr\/wp-content\/uploads\/IMG_20230311_192221-1024x576.jpg\" alt=\"\" class=\"wp-image-2516\" srcset=\"https:\/\/www.perfectpower.pro\/fr\/wp-content\/uploads\/IMG_20230311_192221-1024x576.jpg 1024w, https:\/\/www.perfectpower.pro\/fr\/wp-content\/uploads\/IMG_20230311_192221-500x281.jpg 500w, https:\/\/www.perfectpower.pro\/fr\/wp-content\/uploads\/IMG_20230311_192221-768x432.jpg 768w, https:\/\/www.perfectpower.pro\/fr\/wp-content\/uploads\/IMG_20230311_192221-1536x864.jpg 1536w, https:\/\/www.perfectpower.pro\/fr\/wp-content\/uploads\/IMG_20230311_192221-2048x1152.jpg 2048w, https:\/\/www.perfectpower.pro\/fr\/wp-content\/uploads\/IMG_20230311_192221-1920x1080.jpg 1920w\" sizes=\"auto, (max-width: 1024px) 100vw, 1024px\" \/><\/figure>\n<\/div>\n\n\n<p class=\"has-text-align-center\"><em>Vue magique sur Manhattan \u00e0 15 mn \u00e0 pied du quartier g\u00e9n\u00e9ral de PerfectPower!<\/em><\/p>\n\n\n\n<p class=\"has-text-align-center\"><em>5 des 7 plus hauts gratte-ciel de New York se trouvent sur cette photo, sauriez vous les rep\u00e9rer?<\/em><\/p>\n\n\n\n<p><\/p>\n","protected":false},"excerpt":{"rendered":"<p>Si vous avez lu la rubrique\u00a0Tout sur PerfectPower,\u00a0vous devez avoir not\u00e9 que PerfectPower poss\u00e8de la particularit\u00e9 d&#8217;avoir\u00a0un seul et unique cr\u00e9ateur, moi-m\u00eame qui ai cr\u00e9e et g\u00e8re ce site&#8230;\u00a0et \u00e9tant un amoureux de cette magnifique ville de New York dans laquelle je vis 50% du temps depuis Novembre 2021 et que j&#8217;ai sillonn\u00e9 pour le&hellip; <br \/> <a class=\"read-more\" href=\"https:\/\/www.perfectpower.pro\/fr\/articles\/\">Read more<\/a><\/p>\n","protected":false},"author":1,"featured_media":0,"parent":0,"menu_order":0,"comment_status":"closed","ping_status":"closed","template":"","meta":{"footnotes":""},"class_list":["post-20","page","type-page","status-publish","hentry"],"_links":{"self":[{"href":"https:\/\/www.perfectpower.pro\/fr\/wp-json\/wp\/v2\/pages\/20","targetHints":{"allow":["GET"]}}],"collection":[{"href":"https:\/\/www.perfectpower.pro\/fr\/wp-json\/wp\/v2\/pages"}],"about":[{"href":"https:\/\/www.perfectpower.pro\/fr\/wp-json\/wp\/v2\/types\/page"}],"author":[{"embeddable":true,"href":"https:\/\/www.perfectpower.pro\/fr\/wp-json\/wp\/v2\/users\/1"}],"replies":[{"embeddable":true,"href":"https:\/\/www.perfectpower.pro\/fr\/wp-json\/wp\/v2\/comments?post=20"}],"version-history":[{"count":17,"href":"https:\/\/www.perfectpower.pro\/fr\/wp-json\/wp\/v2\/pages\/20\/revisions"}],"predecessor-version":[{"id":2533,"href":"https:\/\/www.perfectpower.pro\/fr\/wp-json\/wp\/v2\/pages\/20\/revisions\/2533"}],"wp:attachment":[{"href":"https:\/\/www.perfectpower.pro\/fr\/wp-json\/wp\/v2\/media?parent=20"}],"curies":[{"name":"wp","href":"https:\/\/api.w.org\/{rel}","templated":true}]}}